{"id":3275,"date":"2023-03-18T07:10:54","date_gmt":"2023-03-18T07:10:54","guid":{"rendered":"https:\/\/luxtery.truestack.ai\/contact\/"},"modified":"2024-09-17T07:48:55","modified_gmt":"2024-09-17T07:48:55","slug":"contact","status":"publish","type":"page","link":"https:\/\/luxteryhotel.com\/vi\/contact\/","title":{"rendered":"Li\u00ean H\u1ec7"},"content":{"rendered":"\t\t<div data-elementor-type=\"wp-page\" data-elementor-id=\"3275\" class=\"elementor elementor-3275\" data-elementor-post-type=\"page\">\n\t\t\t\t\t\t<section class=\"elementor-section elementor-top-section elementor-element elementor-element-55ab6d3 elementor-section-height-min-height cs-section-content-fullwidth cs-parallax-on-scroll cs_scroll_y_100 elementor-section-boxed elementor-section-height-default elementor-section-items-middle\" data-id=\"55ab6d3\" data-element_type=\"section\" data-settings=\"{&quot;background_background&quot;:&quot;classic&quot;}\" data-cs-parallax-y=\"100\" style=\"background-image: none;\" data-cs-background-image=\"https:\/\/luxteryhotel.com\/wp-content\/uploads\/2024\/05\/DSC09214.jpg\">\n\t\t\t\t\t\t\t<div class=\"elementor-background-overlay\"><\/div>\n\t\t\t\t\t\t\t<div class=\"elementor-container elementor-column-gap-no\">\n\t\t\t\t\t<div class=\"elementor-column elementor-col-100 elementor-top-column elementor-element elementor-element-81924e9 dark-color\" data-id=\"81924e9\" data-element_type=\"column\">\n\t\t\t<div class=\"elementor-widget-wrap elementor-element-populated\">\n\t\t\t\t\t\t<div class=\"elementor-element elementor-element-71a29b4 elementor-widget elementor-widget-cs_title\" data-id=\"71a29b4\" data-element_type=\"widget\" data-widget_type=\"cs_title.default\">\n\t\t\t\t<div class=\"elementor-widget-container\">\n\t\t\t\n        <div class=\"cs-title-wrap text-center\">\t            <div class=\"cs-subtitle-wrap\"><span class=\"cs-subtitle color-white\">LI\u00caN H\u1ec6 V\u1edaI CH\u00daNG T\u00d4I<\/span><\/div>\t            <h1 class=\"cs-title\">\n\t                LI\u00caN H\u1ec6\t            <\/h1>\t            <div class=\"cs-title-text\">\n\t                <p>N\u1ebfu b\u1ea1n mu\u1ed1n \u0111\u1eb7t ph\u00f2ng hay c\u00f3 b\u1ea5t k\u1ef3 th\u1eafc m\u1eafc g\u00ec, vui l\u00f2ng g\u1ecdi ho\u1eb7c g\u1eedi email cho ch\u00fang t\u00f4i<\/p>\t            <\/div>        <\/div>\t\t<\/div>\n\t\t\t\t<\/div>\n\t\t\t\t\t<\/div>\n\t\t<\/div>\n\t\t\t\t\t<\/div>\n\t\t<\/section>\n\t\t\t\t<section class=\"elementor-section elementor-top-section elementor-element elementor-element-ac9ba41 elementor-section-full_width elementor-section-content-middle elementor-section-height-default elementor-section-height-default\" data-id=\"ac9ba41\" data-element_type=\"section\">\n\t\t\t\t\t\t<div class=\"elementor-container elementor-column-gap-no\">\n\t\t\t\t\t<div class=\"elementor-column elementor-col-50 elementor-top-column elementor-element elementor-element-a9f3bc2\" data-id=\"a9f3bc2\" data-element_type=\"column\">\n\t\t\t<div class=\"elementor-widget-wrap elementor-element-populated\">\n\t\t\t\t\t\t<div class=\"elementor-element elementor-element-d6a0979 elementor-widget elementor-widget-cs_title\" data-id=\"d6a0979\" data-element_type=\"widget\" data-widget_type=\"cs_title.default\">\n\t\t\t\t<div class=\"elementor-widget-container\">\n\t\t\t\n        <div class=\"cs-title-wrap\">\t            <div class=\"cs-subtitle-wrap\"><span class=\"cs-subtitle\">th\u00f4ng tin li\u00ean h\u1ec7<\/span><\/div>\t            <h5 class=\"cs-title\">\n\t                Luxtery Hotel\t            <\/h5>\t            <div class=\"cs-title-text\">\n\t                <p>136 Ph\u1ea1m V\u0103n \u0110\u1ed3ng, ph\u01b0\u1eddng An H\u1ea3i B\u1eafc, qu\u1eadn S\u01a1n Tr\u00e0, \u0110\u00e0 N\u1eb5ng<\/p><p><strong>S\u1ed1 \u0111i\u1ec7n tho\u1ea1i:<\/strong> <a href=\"tel:+6793456788\">0236. 387. 28. 28<\/a><br \/><strong>Email:<\/strong> info@luxteryhotel.com<\/p>\t            <\/div>        <\/div>\t\t<\/div>\n\t\t\t\t<\/div>\n\t\t\t\t\t<\/div>\n\t\t<\/div>\n\t\t\t\t<div class=\"elementor-column elementor-col-50 elementor-top-column elementor-element elementor-element-a630739\" data-id=\"a630739\" data-element_type=\"column\" data-settings=\"{&quot;background_background&quot;:&quot;classic&quot;}\">\n\t\t\t<div class=\"elementor-widget-wrap elementor-element-populated\">\n\t\t\t\t\t\t<section class=\"elementor-section elementor-inner-section elementor-element elementor-element-1165b93 elementor-section-boxed elementor-section-height-default elementor-section-height-default\" data-id=\"1165b93\" data-element_type=\"section\" data-settings=\"{&quot;background_background&quot;:&quot;classic&quot;}\">\n\t\t\t\t\t\t<div class=\"elementor-container elementor-column-gap-no\">\n\t\t\t\t\t<div class=\"elementor-column elementor-col-100 elementor-inner-column elementor-element elementor-element-c8421f3\" data-id=\"c8421f3\" data-element_type=\"column\">\n\t\t\t<div class=\"elementor-widget-wrap elementor-element-populated\">\n\t\t\t\t\t\t<div class=\"elementor-element elementor-element-ee636a2 elementor-widget elementor-widget-cs_title\" data-id=\"ee636a2\" data-element_type=\"widget\" data-widget_type=\"cs_title.default\">\n\t\t\t\t<div class=\"elementor-widget-container\">\n\t\t\t\n        <div class=\"cs-title-wrap text-center\">\t            <div class=\"cs-subtitle-wrap\"><span class=\"cs-subtitle\">m\u1eabu li\u00ean h\u1ec7<\/span><\/div>\t            <h5 class=\"cs-title\">\n\t                B\u1eaft \u0111\u1ea7u cu\u1ed9c tr\u00f2 chuy\u1ec7n v\u1edbi ch\u00fang t\u00f4i\t            <\/h5>        <\/div>\t\t<\/div>\n\t\t\t\t<\/div>\n\t\t\t\t<div class=\"elementor-element elementor-element-d1eca60 elementor-widget elementor-widget-cs_form_cf7\" data-id=\"d1eca60\" data-element_type=\"widget\" data-widget_type=\"cs_form_cf7.default\">\n\t\t\t\t<div class=\"elementor-widget-container\">\n\t\t\t            <div class=\"cs-form-cf7 placeholder-normal\">\n                <div class=\"cs-form-cf7-wrap\">\n<div class=\"wpcf7 no-js\" id=\"wpcf7-f11-o1\" lang=\"en-US\" dir=\"ltr\">\n<div class=\"screen-reader-response\"><p role=\"status\" aria-live=\"polite\" aria-atomic=\"true\"><\/p> <ul><\/ul><\/div>\n<form action=\"\/vi\/wp-json\/wp\/v2\/pages\/3275#wpcf7-f11-o1\" method=\"post\" class=\"wpcf7-form init\" aria-label=\"Contact form\" novalidate=\"novalidate\" data-status=\"init\">\n<div style=\"display: none;\">\n<input type=\"hidden\" name=\"_wpcf7\" value=\"11\" \/>\n<input type=\"hidden\" name=\"_wpcf7_version\" value=\"5.9.5\" \/>\n<input type=\"hidden\" name=\"_wpcf7_locale\" value=\"en_US\" \/>\n<input type=\"hidden\" name=\"_wpcf7_unit_tag\" value=\"wpcf7-f11-o1\" \/>\n<input type=\"hidden\" name=\"_wpcf7_container_post\" value=\"0\" \/>\n<input type=\"hidden\" name=\"_wpcf7_posted_data_hash\" value=\"\" \/>\n<\/div>\n<p><label> H\u1ecd v\u00e0 t\u00ean<br \/>\n<span class=\"wpcf7-form-control-wrap\" data-name=\"your-name\"><input size=\"40\" class=\"wpcf7-form-control wpcf7-text wpcf7-validates-as-required\" autocomplete=\"name\" aria-required=\"true\" aria-invalid=\"false\" value=\"\" type=\"text\" name=\"your-name\" \/><\/span> <\/label>\n<\/p>\n<p><label> Email<br \/>\n<span class=\"wpcf7-form-control-wrap\" data-name=\"your-email\"><input size=\"40\" class=\"wpcf7-form-control wpcf7-email wpcf7-validates-as-required wpcf7-text wpcf7-validates-as-email\" autocomplete=\"email\" aria-required=\"true\" aria-invalid=\"false\" value=\"\" type=\"email\" name=\"your-email\" \/><\/span> <\/label>\n<\/p>\n<p><label> Ti\u00eau \u0111\u1ec1<br \/>\n<span class=\"wpcf7-form-control-wrap\" data-name=\"your-subject\"><input size=\"40\" class=\"wpcf7-form-control wpcf7-text wpcf7-validates-as-required\" aria-required=\"true\" aria-invalid=\"false\" value=\"\" type=\"text\" name=\"your-subject\" \/><\/span> <\/label>\n<\/p>\n<p><label> N\u1ed9i dung<br \/>\n<span class=\"wpcf7-form-control-wrap\" data-name=\"your-message\"><textarea cols=\"40\" rows=\"10\" class=\"wpcf7-form-control wpcf7-textarea\" aria-invalid=\"false\" name=\"your-message\"><\/textarea><\/span> <\/label>\n<\/p>\n<p><input class=\"wpcf7-form-control wpcf7-submit has-spinner\" type=\"submit\" value=\"G\u1eedi y\u00eau c\u1ea7u\" \/>\n<\/p><input type='hidden' class='wpcf7-pum' value='{\"closepopup\":false,\"closedelay\":0,\"openpopup\":false,\"openpopup_id\":0}' \/><div class=\"wpcf7-response-output\" aria-hidden=\"true\"><\/div>\n<\/form>\n<\/div>\n<\/div>\n            <\/div>\t\t<\/div>\n\t\t\t\t<\/div>\n\t\t\t\t\t<\/div>\n\t\t<\/div>\n\t\t\t\t\t<\/div>\n\t\t<\/section>\n\t\t\t\t\t<\/div>\n\t\t<\/div>\n\t\t\t\t\t<\/div>\n\t\t<\/section>\n\t\t\t\t<\/div>\n\t\t","protected":false},"excerpt":{"rendered":"<p>LI\u00caN H\u1ec6 V\u1edaI CH\u00daNG T\u00d4I LI\u00caN H\u1ec6 N\u1ebfu b\u1ea1n mu\u1ed1n \u0111\u1eb7t ph\u00f2ng hay c\u00f3 b\u1ea5t k\u1ef3 th\u1eafc m\u1eafc g\u00ec, vui l\u00f2ng g\u1ecdi ho\u1eb7c g\u1eedi email cho ch\u00fang t\u00f4i th\u00f4ng tin li\u00ean h\u1ec7 Luxtery Hotel 136 Ph\u1ea1m V\u0103n \u0110\u1ed3ng, ph\u01b0\u1eddng An H\u1ea3i B\u1eafc, qu\u1eadn S\u01a1n Tr\u00e0, \u0110\u00e0 N\u1eb5ng S\u1ed1 \u0111i\u1ec7n tho\u1ea1i: 0236. 387. 28. 28Email: info@luxteryhotel.com &#8230;<\/p>\n","protected":false},"author":1,"featured_media":0,"parent":0,"menu_order":0,"comment_status":"closed","ping_status":"closed","template":"template-wide-content.php","meta":{"cozystay_single_page_hide_site_header":"","cozystay_single_page_site_header_source":"","cozystay_single_page_custom_site_header":"0","cozystay_single_page_custom_sticky_site_header":"0","cozystay_single_page_hide_page_title":"on","cozystay_single_page_header_section_size":"","cozystay_single_page_header_background_color":"","cozystay_single_page_header_background_position_x":"center","cozystay_single_page_header_background_position_y":"center","cozystay_single_page_header_background_size":"cover","cozystay_single_page_header_background_repeat":"off","cozystay_single_page_header_background_scroll":"on","cozystay_single_page_header_text_color":"","cozystay_single_page_header_show_breadcrumb":"","cozystay_single_page_site_footer_hide_main":"","cozystay_single_custom_site_footer_main_source":"","cozystay_single_custom_site_footer_main":"0","cozystay_single_page_site_footer_hide_above":"","cozystay_single_custom_site_footer_above_source":"","cozystay_single_custom_site_footer_above":"0","cozystay_single_page_site_footer_hide_instagram":"","cozystay_single_page_site_footer_hide_bottom":"","cozystay_single_custom_mobile_menu_source":"","cozystay_single_custom_mobile_menu":"0","cozystay_single_custom_mobile_menu_animation":"","cozystay_single_custom_mobile_menu_width":"","cozystay_single_custom_mobile_menu_custom_width":375,"footnotes":""},"class_list":["post-3275","page","type-page","status-publish","hentry"],"yoast_head":"<!-- This site is optimized with the Yoast SEO plugin v22.6 - https:\/\/yoast.com\/wordpress\/plugins\/seo\/ -->\n<title>Li\u00ean H\u1ec7 - Luxtery Hotel<\/title>\n<meta name=\"robots\" content=\"noindex, follow, max-snippet:-1, max-image-preview:large, max-video-preview:-1\" \/>\n<meta property=\"og:locale\" content=\"vi_VN\" \/>\n<meta property=\"og:type\" content=\"article\" \/>\n<meta property=\"og:title\" content=\"Li\u00ean H\u1ec7 - Luxtery Hotel\" \/>\n<meta property=\"og:description\" content=\"LI\u00caN H\u1ec6 V\u1edaI CH\u00daNG T\u00d4I LI\u00caN H\u1ec6 N\u1ebfu b\u1ea1n mu\u1ed1n \u0111\u1eb7t ph\u00f2ng hay c\u00f3 b\u1ea5t k\u1ef3 th\u1eafc m\u1eafc g\u00ec, vui l\u00f2ng g\u1ecdi ho\u1eb7c g\u1eedi email cho ch\u00fang t\u00f4i th\u00f4ng tin li\u00ean h\u1ec7 Luxtery Hotel 136 Ph\u1ea1m V\u0103n \u0110\u1ed3ng, ph\u01b0\u1eddng An H\u1ea3i B\u1eafc, qu\u1eadn S\u01a1n Tr\u00e0, \u0110\u00e0 N\u1eb5ng S\u1ed1 \u0111i\u1ec7n tho\u1ea1i: 0236. 387. 28. 28Email: info@luxteryhotel.com ...\" \/>\n<meta property=\"og:url\" content=\"https:\/\/luxteryhotel.com\/vi\/contact\/\" \/>\n<meta property=\"og:site_name\" content=\"Luxtery Hotel\" \/>\n<meta property=\"article:modified_time\" content=\"2024-09-17T07:48:55+00:00\" \/>\n<meta name=\"twitter:card\" content=\"summary_large_image\" \/>\n<meta name=\"twitter:label1\" content=\"Est. reading time\" \/>\n\t<meta name=\"twitter:data1\" content=\"1 minute\" \/>\n<script type=\"application\/ld+json\" class=\"yoast-schema-graph\">{\"@context\":\"https:\/\/schema.org\",\"@graph\":[{\"@type\":\"WebPage\",\"@id\":\"https:\/\/luxteryhotel.com\/vi\/contact\/\",\"url\":\"https:\/\/luxteryhotel.com\/vi\/contact\/\",\"name\":\"Li\u00ean H\u1ec7 - Luxtery Hotel\",\"isPartOf\":{\"@id\":\"https:\/\/luxteryhotel.com\/#website\"},\"datePublished\":\"2023-03-18T07:10:54+00:00\",\"dateModified\":\"2024-09-17T07:48:55+00:00\",\"breadcrumb\":{\"@id\":\"https:\/\/luxteryhotel.com\/vi\/contact\/#breadcrumb\"},\"inLanguage\":\"vi-VN\",\"potentialAction\":[{\"@type\":\"ReadAction\",\"target\":[\"https:\/\/luxteryhotel.com\/vi\/contact\/\"]}]},{\"@type\":\"BreadcrumbList\",\"@id\":\"https:\/\/luxteryhotel.com\/vi\/contact\/#breadcrumb\",\"itemListElement\":[{\"@type\":\"ListItem\",\"position\":1,\"name\":\"Home\",\"item\":\"https:\/\/luxteryhotel.com\/\"},{\"@type\":\"ListItem\",\"position\":2,\"name\":\"Li\u00ean H\u1ec7\"}]},{\"@type\":\"WebSite\",\"@id\":\"https:\/\/luxteryhotel.com\/#website\",\"url\":\"https:\/\/luxteryhotel.com\/\",\"name\":\"My Blog\",\"description\":\"Health, wealth and happiness\",\"publisher\":{\"@id\":\"https:\/\/luxteryhotel.com\/#organization\"},\"potentialAction\":[{\"@type\":\"SearchAction\",\"target\":{\"@type\":\"EntryPoint\",\"urlTemplate\":\"https:\/\/luxteryhotel.com\/?s={search_term_string}\"},\"query-input\":\"required name=search_term_string\"}],\"inLanguage\":\"vi-VN\"},{\"@type\":\"Organization\",\"@id\":\"https:\/\/luxteryhotel.com\/#organization\",\"name\":\"My Blog\",\"url\":\"https:\/\/luxteryhotel.com\/\",\"logo\":{\"@type\":\"ImageObject\",\"inLanguage\":\"vi-VN\",\"@id\":\"https:\/\/luxteryhotel.com\/#\/schema\/logo\/image\/\",\"url\":\"https:\/\/luxteryhotel.com\/wp-content\/uploads\/2024\/05\/luxtery-logo.png\",\"contentUrl\":\"https:\/\/luxteryhotel.com\/wp-content\/uploads\/2024\/05\/luxtery-logo.png\",\"width\":1080,\"height\":671,\"caption\":\"My Blog\"},\"image\":{\"@id\":\"https:\/\/luxteryhotel.com\/#\/schema\/logo\/image\/\"}}]}<\/script>\n<!-- \/ Yoast SEO plugin. -->","yoast_head_json":{"title":"Li\u00ean H\u1ec7 - Luxtery Hotel","robots":{"index":"noindex","follow":"follow","max-snippet":"max-snippet:-1","max-image-preview":"max-image-preview:large","max-video-preview":"max-video-preview:-1"},"og_locale":"vi_VN","og_type":"article","og_title":"Li\u00ean H\u1ec7 - Luxtery Hotel","og_description":"LI\u00caN H\u1ec6 V\u1edaI CH\u00daNG T\u00d4I LI\u00caN H\u1ec6 N\u1ebfu b\u1ea1n mu\u1ed1n \u0111\u1eb7t ph\u00f2ng hay c\u00f3 b\u1ea5t k\u1ef3 th\u1eafc m\u1eafc g\u00ec, vui l\u00f2ng g\u1ecdi ho\u1eb7c g\u1eedi email cho ch\u00fang t\u00f4i th\u00f4ng tin li\u00ean h\u1ec7 Luxtery Hotel 136 Ph\u1ea1m V\u0103n \u0110\u1ed3ng, ph\u01b0\u1eddng An H\u1ea3i B\u1eafc, qu\u1eadn S\u01a1n Tr\u00e0, \u0110\u00e0 N\u1eb5ng S\u1ed1 \u0111i\u1ec7n tho\u1ea1i: 0236. 387. 28. 28Email: info@luxteryhotel.com ...","og_url":"https:\/\/luxteryhotel.com\/vi\/contact\/","og_site_name":"Luxtery Hotel","article_modified_time":"2024-09-17T07:48:55+00:00","twitter_card":"summary_large_image","twitter_misc":{"Est. reading time":"1 minute"},"schema":{"@context":"https:\/\/schema.org","@graph":[{"@type":"WebPage","@id":"https:\/\/luxteryhotel.com\/vi\/contact\/","url":"https:\/\/luxteryhotel.com\/vi\/contact\/","name":"Li\u00ean H\u1ec7 - Luxtery Hotel","isPartOf":{"@id":"https:\/\/luxteryhotel.com\/#website"},"datePublished":"2023-03-18T07:10:54+00:00","dateModified":"2024-09-17T07:48:55+00:00","breadcrumb":{"@id":"https:\/\/luxteryhotel.com\/vi\/contact\/#breadcrumb"},"inLanguage":"vi-VN","potentialAction":[{"@type":"ReadAction","target":["https:\/\/luxteryhotel.com\/vi\/contact\/"]}]},{"@type":"BreadcrumbList","@id":"https:\/\/luxteryhotel.com\/vi\/contact\/#breadcrumb","itemListElement":[{"@type":"ListItem","position":1,"name":"Home","item":"https:\/\/luxteryhotel.com\/"},{"@type":"ListItem","position":2,"name":"Li\u00ean H\u1ec7"}]},{"@type":"WebSite","@id":"https:\/\/luxteryhotel.com\/#website","url":"https:\/\/luxteryhotel.com\/","name":"My Blog","description":"Health, wealth and happiness","publisher":{"@id":"https:\/\/luxteryhotel.com\/#organization"},"potentialAction":[{"@type":"SearchAction","target":{"@type":"EntryPoint","urlTemplate":"https:\/\/luxteryhotel.com\/?s={search_term_string}"},"query-input":"required name=search_term_string"}],"inLanguage":"vi-VN"},{"@type":"Organization","@id":"https:\/\/luxteryhotel.com\/#organization","name":"My Blog","url":"https:\/\/luxteryhotel.com\/","logo":{"@type":"ImageObject","inLanguage":"vi-VN","@id":"https:\/\/luxteryhotel.com\/#\/schema\/logo\/image\/","url":"https:\/\/luxteryhotel.com\/wp-content\/uploads\/2024\/05\/luxtery-logo.png","contentUrl":"https:\/\/luxteryhotel.com\/wp-content\/uploads\/2024\/05\/luxtery-logo.png","width":1080,"height":671,"caption":"My Blog"},"image":{"@id":"https:\/\/luxteryhotel.com\/#\/schema\/logo\/image\/"}}]}},"_links":{"self":[{"href":"https:\/\/luxteryhotel.com\/vi\/wp-json\/wp\/v2\/pages\/3275","targetHints":{"allow":["GET"]}}],"collection":[{"href":"https:\/\/luxteryhotel.com\/vi\/wp-json\/wp\/v2\/pages"}],"about":[{"href":"https:\/\/luxteryhotel.com\/vi\/wp-json\/wp\/v2\/types\/page"}],"author":[{"embeddable":true,"href":"https:\/\/luxteryhotel.com\/vi\/wp-json\/wp\/v2\/users\/1"}],"replies":[{"embeddable":true,"href":"https:\/\/luxteryhotel.com\/vi\/wp-json\/wp\/v2\/comments?post=3275"}],"version-history":[{"count":42,"href":"https:\/\/luxteryhotel.com\/vi\/wp-json\/wp\/v2\/pages\/3275\/revisions"}],"predecessor-version":[{"id":4312,"href":"https:\/\/luxteryhotel.com\/vi\/wp-json\/wp\/v2\/pages\/3275\/revisions\/4312"}],"wp:attachment":[{"href":"https:\/\/luxteryhotel.com\/vi\/wp-json\/wp\/v2\/media?parent=3275"}],"curies":[{"name":"wp","href":"https:\/\/api.w.org\/{rel}","templated":true}]}}