{"id":4392,"date":"2025-06-23T07:51:23","date_gmt":"2025-06-23T07:51:23","guid":{"rendered":"https:\/\/luxteryhotel.com\/?page_id=4392"},"modified":"2025-07-02T02:30:15","modified_gmt":"2025-07-02T02:30:15","slug":"chinh-sach-bao-mat-thong-tin","status":"publish","type":"page","link":"https:\/\/luxteryhotel.com\/vi\/chinh-sach-bao-mat-thong-tin\/","title":{"rendered":"CH\u00cdNH S\u00c1CH B\u1ea2O M\u1eacT TH\u00d4NG TIN"},"content":{"rendered":"\t\t<div data-elementor-type=\"wp-page\" data-elementor-id=\"4392\" class=\"elementor elementor-4392\" data-elementor-post-type=\"page\">\n\t\t\t\t<div class=\"elementor-element elementor-element-41b4d0e e-flex e-con-boxed e-con e-parent\" data-id=\"41b4d0e\" data-element_type=\"container\">\n\t\t\t\t\t<div class=\"e-con-inner\">\n\t\t\t\t<div class=\"elementor-element elementor-element-642b8fc elementor-widget elementor-widget-heading\" data-id=\"642b8fc\" data-element_type=\"widget\" data-widget_type=\"heading.default\">\n\t\t\t\t<div class=\"elementor-widget-container\">\n\t\t\t<style>\/*! elementor - v3.21.0 - 30-04-2024 *\/\n.elementor-heading-title{padding:0;margin:0;line-height:1}.elementor-widget-heading .elementor-heading-title[class*=elementor-size-]>a{color:inherit;font-size:inherit;line-height:inherit}.elementor-widget-heading .elementor-heading-title.elementor-size-small{font-size:15px}.elementor-widget-heading .elementor-heading-title.elementor-size-medium{font-size:19px}.elementor-widget-heading .elementor-heading-title.elementor-size-large{font-size:29px}.elementor-widget-heading .elementor-heading-title.elementor-size-xl{font-size:39px}.elementor-widget-heading .elementor-heading-title.elementor-size-xxl{font-size:59px}<\/style><h2 class=\"elementor-heading-title elementor-size-default\">CH\u00cdNH S\u00c1CH B\u1ea2O M\u1eacT TH\u00d4NG TIN<\/h2>\t\t<\/div>\n\t\t\t\t<\/div>\n\t\t\t\t<div class=\"elementor-element elementor-element-0509d03 elementor-widget elementor-widget-text-editor\" data-id=\"0509d03\" data-element_type=\"widget\" data-widget_type=\"text-editor.default\">\n\t\t\t\t<div class=\"elementor-widget-container\">\n\t\t\t<style>\/*! elementor - v3.21.0 - 30-04-2024 *\/\n.elementor-widget-text-editor.elementor-drop-cap-view-stacked .elementor-drop-cap{background-color:#69727d;color:#fff}.elementor-widget-text-editor.elementor-drop-cap-view-framed .elementor-drop-cap{color:#69727d;border:3px solid;background-color:transparent}.elementor-widget-text-editor:not(.elementor-drop-cap-view-default) .elementor-drop-cap{margin-top:8px}.elementor-widget-text-editor:not(.elementor-drop-cap-view-default) .elementor-drop-cap-letter{width:1em;height:1em}.elementor-widget-text-editor .elementor-drop-cap{float:left;text-align:center;line-height:1;font-size:50px}.elementor-widget-text-editor .elementor-drop-cap-letter{display:inline-block}<\/style>\t\t\t\t<p>CH\u00cdNH S\u00c1CH B\u1ea2O V\u1ec6 TH\u00d4NG TIN C\u00c1 NH\u00c2N KH\u00c1CH H\u00c0NG T\u1ea0I KH\u00c1CH S\u1ea0N LUXTERY HOTEL<br \/>Kh\u00e1ch s\u1ea1n Luxtery cam k\u1ebft t\u00f4n tr\u1ecdng v\u00e0 b\u1ea3o v\u1ec7 quy\u1ec1n ri\u00eang t\u01b0 c\u1ee7a kh\u00e1ch h\u00e0ng. Ch\u00ednh s\u00e1ch n\u00e0y quy \u0111\u1ecbnh r\u00f5 c\u00e1ch th\u1ee9c thu th\u1eadp, s\u1eed d\u1ee5ng, l\u01b0u tr\u1eef v\u00e0 b\u1ea3o v\u1ec7 d\u1eef li\u1ec7u c\u00e1 nh\u00e2n c\u1ee7a ng\u01b0\u1eddi ti\u00eau d\u00f9ng khi s\u1eed d\u1ee5ng c\u00e1c d\u1ecbch v\u1ee5 do kh\u00e1ch s\u1ea1n cung c\u1ea5p, \u0111\u1ed3ng th\u1eddi ph\u00f9 h\u1ee3p v\u1edbi quy \u0111\u1ecbnh ph\u00e1p lu\u1eadt Vi\u1ec7t Nam hi\u1ec7n h\u00e0nh.<\/p><p>1. M\u1ee5c \u0111\u00edch thu th\u1eadp th\u00f4ng tin c\u00e1 nh\u00e2n<br \/>Ch\u00fang t\u00f4i thu th\u1eadp th\u00f4ng tin c\u00e1 nh\u00e2n c\u1ee7a ng\u01b0\u1eddi ti\u00eau d\u00f9ng nh\u1eb1m c\u00e1c m\u1ee5c \u0111\u00edch sau:<\/p><p>Qu\u1ea3n l\u00fd v\u00e0 cung c\u1ea5p c\u00e1c d\u1ecbch v\u1ee5 l\u01b0u tr\u00fa, \u1ea9m th\u1ef1c v\u00e0 ti\u1ec7n \u00edch t\u1ea1i kh\u00e1ch s\u1ea1n.<\/p><p>X\u1eed l\u00fd y\u00eau c\u1ea7u \u0111\u1eb7t ph\u00f2ng, thanh to\u00e1n, ph\u1ea3n h\u1ed3i c\u00e1c y\u00eau c\u1ea7u \u0111\u1eb7c bi\u1ec7t.<\/p><p>G\u1eedi th\u00f4ng b\u00e1o v\u1ec1 ch\u01b0\u01a1ng tr\u00ecnh \u01b0u \u0111\u00e3i, khuy\u1ebfn m\u00e3i v\u00e0 s\u1ef1 ki\u1ec7n li\u00ean quan.<\/p><p>C\u1ea3i thi\u1ec7n ch\u1ea5t l\u01b0\u1ee3ng d\u1ecbch v\u1ee5 th\u00f4ng qua kh\u1ea3o s\u00e1t, \u0111\u00e1nh gi\u00e1 t\u1eeb kh\u00e1ch h\u00e0ng.<\/p><p>Tu\u00e2n th\u1ee7 ngh\u0129a v\u1ee5 b\u00e1o c\u00e1o theo y\u00eau c\u1ea7u c\u1ee7a c\u01a1 quan nh\u00e0 n\u01b0\u1edbc c\u00f3 th\u1ea9m quy\u1ec1n.<\/p><p>2. Ph\u1ea1m vi s\u1eed d\u1ee5ng th\u00f4ng tin<br \/>Th\u00f4ng tin c\u00e1 nh\u00e2n c\u1ee7a kh\u00e1ch h\u00e0ng s\u1ebd ch\u1ec9 \u0111\u01b0\u1ee3c s\u1eed d\u1ee5ng trong c\u00e1c m\u1ee5c \u0111\u00edch \u0111\u00e3 n\u00eau v\u00e0 c\u00f3 th\u1ec3 \u0111\u01b0\u1ee3c chia s\u1ebb v\u1edbi b\u00ean th\u1ee9 ba trong c\u00e1c tr\u01b0\u1eddng h\u1ee3p c\u1ee5 th\u1ec3 nh\u01b0 sau:<\/p><p>a) B\u1ed9 ph\u1eadn n\u1ed9i b\u1ed9 kh\u00e1ch s\u1ea1n:<\/p><p>M\u1ee5c \u0111\u00edch: x\u1eed l\u00fd \u0111\u1eb7t ph\u00f2ng, ch\u0103m s\u00f3c kh\u00e1ch h\u00e0ng, ph\u1ee5c v\u1ee5 \u0103n u\u1ed1ng, thanh to\u00e1n&#8230;<\/p><p>Th\u00f4ng tin s\u1eed d\u1ee5ng: h\u1ecd t\u00ean, s\u1ed1 \u0111i\u1ec7n tho\u1ea1i, email, y\u00eau c\u1ea7u \u0111\u1eb7c bi\u1ec7t, l\u1ecbch s\u1eed \u0111\u1eb7t ph\u00f2ng.<\/p><p>b) \u0110\u01a1n v\u1ecb cung c\u1ea5p c\u1ed5ng thanh to\u00e1n tr\u1ef1c tuy\u1ebfn:<\/p><p>M\u1ee5c \u0111\u00edch: x\u1eed l\u00fd giao d\u1ecbch \u0111\u1eb7t ph\u00f2ng, thanh to\u00e1n tr\u1ef1c tuy\u1ebfn.<\/p><p>Th\u00f4ng tin s\u1eed d\u1ee5ng: h\u1ecd t\u00ean, email, s\u1ed1 \u0111i\u1ec7n tho\u1ea1i, gi\u00e1 tr\u1ecb giao d\u1ecbch, m\u1ed9t ph\u1ea7n th\u00f4ng tin th\u1ebb (kh\u00f4ng bao g\u1ed3m m\u00e3 CVV).<\/p><p>c) \u0110\u01a1n v\u1ecb cung c\u1ea5p ph\u1ea7n m\u1ec1m qu\u1ea3n l\u00fd kh\u00e1ch s\u1ea1n:<\/p><p>M\u1ee5c \u0111\u00edch: l\u01b0u tr\u1eef, qu\u1ea3n l\u00fd th\u00f4ng tin \u0111\u1eb7t ph\u00f2ng v\u00e0 l\u1ecbch s\u1eed kh\u00e1ch h\u00e0ng.<\/p><p>Th\u00f4ng tin s\u1eed d\u1ee5ng: h\u1ecd t\u00ean, gi\u1edbi t\u00ednh, s\u1ed1 \u0111i\u1ec7n tho\u1ea1i, qu\u1ed1c t\u1ecbch, l\u1ecbch s\u1eed l\u01b0u tr\u00fa, y\u00eau c\u1ea7u \u0111\u1eb7c bi\u1ec7t.<\/p><p>d) \u0110\u01a1n v\u1ecb cung c\u1ea5p d\u1ecbch v\u1ee5 v\u1eadn chuy\u1ec3n (n\u1ebfu c\u00f3 y\u00eau c\u1ea7u):<\/p><p>M\u1ee5c \u0111\u00edch: h\u1ed7 tr\u1ee3 \u0111\u01b0a \u0111\u00f3n s\u00e2n bay ho\u1eb7c tour du l\u1ecbch.<\/p><p>Th\u00f4ng tin s\u1eed d\u1ee5ng: h\u1ecd t\u00ean, s\u1ed1 \u0111i\u1ec7n tho\u1ea1i, gi\u1edd \u0111\u1ebfn\/\u0111i, \u0111i\u1ec3m \u0111\u1ebfn.<\/p><p>e) C\u01a1 quan nh\u00e0 n\u01b0\u1edbc c\u00f3 th\u1ea9m quy\u1ec1n:<\/p><p>M\u1ee5c \u0111\u00edch: ph\u1ee5c v\u1ee5 c\u00f4ng t\u00e1c ki\u1ec3m tra, thanh tra ho\u1eb7c \u0111i\u1ec1u tra theo quy \u0111\u1ecbnh ph\u00e1p lu\u1eadt.<\/p><p>Th\u00f4ng tin s\u1eed d\u1ee5ng: to\u00e0n b\u1ed9 th\u00f4ng tin kh\u00e1ch h\u00e0ng theo y\u00eau c\u1ea7u c\u1ee5 th\u1ec3 b\u1eb1ng v\u0103n b\u1ea3n.<\/p><p>L\u01b0u \u00fd: C\u00e1c b\u00ean th\u1ee9 ba ch\u1ec9 \u0111\u01b0\u1ee3c s\u1eed d\u1ee5ng th\u00f4ng tin trong ph\u1ea1m vi c\u1ea7n thi\u1ebft v\u00e0 ph\u1ea3i cam k\u1ebft tu\u00e2n th\u1ee7 quy \u0111\u1ecbnh v\u1ec1 b\u1ea3o m\u1eadt th\u00f4ng tin c\u00e1 nh\u00e2n.<\/p><p>3. Th\u1eddi gian l\u01b0u tr\u1eef th\u00f4ng tin<br \/>Th\u00f4ng tin s\u1ebd \u0111\u01b0\u1ee3c l\u01b0u tr\u1eef trong su\u1ed1t th\u1eddi gian kh\u00e1ch h\u00e0ng s\u1eed d\u1ee5ng d\u1ecbch v\u1ee5 v\u00e0 t\u1ed1i \u0111a 5 n\u0103m sau \u0111\u00f3, tr\u1eeb khi c\u00f3 y\u00eau c\u1ea7u kh\u00e1c t\u1eeb c\u01a1 quan ch\u1ee9c n\u0103ng ho\u1eb7c kh\u00e1ch h\u00e0ng y\u00eau c\u1ea7u x\u00f3a\/h\u1ee7y v\u00e0 \u0111\u01b0\u1ee3c ch\u1ea5p nh\u1eadn h\u1ee3p ph\u00e1p.<\/p><p>4. \u0110\u1ecba ch\u1ec9 \u0111\u01a1n v\u1ecb thu th\u1eadp v\u00e0 qu\u1ea3n l\u00fd th\u00f4ng tin<br \/>T\u00ean \u0111\u01a1n v\u1ecb: Kh\u00e1ch s\u1ea1n Luxtery Hotel<\/p><p>\u0110\u1ecba ch\u1ec9: 136 Ph\u1ea1m V\u0103n \u0110\u1ed3ng, Ph\u01b0\u1eddng An H\u1ea3i, TP. \u0110\u00e0 N\u1eb5ng, Vi\u1ec7t Nam<\/p><p>Hotline: 0236.387.28.28<\/p><p>Email: info@luxteryhotel.com<\/p><p>5. Quy\u1ec1n v\u00e0 ph\u01b0\u01a1ng th\u1ee9c ti\u1ebfp c\u1eadn, ch\u1ec9nh s\u1eeda th\u00f4ng tin c\u00e1 nh\u00e2n<br \/>Kh\u00e1ch h\u00e0ng c\u00f3 quy\u1ec1n:<\/p><p>Truy c\u1eadp, xem, ch\u1ec9nh s\u1eeda ho\u1eb7c y\u00eau c\u1ea7u x\u00f3a th\u00f4ng tin c\u00e1 nh\u00e2n \u0111\u00e3 cung c\u1ea5p.<\/p><p>R\u00fat l\u1ea1i s\u1ef1 \u0111\u1ed3ng \u00fd cho ph\u00e9p x\u1eed l\u00fd d\u1eef li\u1ec7u c\u00e1 nh\u00e2n b\u1ea5t c\u1ee9 l\u00fac n\u00e0o.<\/p><p>G\u1eedi khi\u1ebfu n\u1ea1i n\u1ebfu nghi ng\u1edd th\u00f4ng tin b\u1ecb s\u1eed d\u1ee5ng sai m\u1ee5c \u0111\u00edch.<\/p><p>Ph\u01b0\u01a1ng th\u1ee9c th\u1ef1c hi\u1ec7n:<\/p><p>G\u1eedi email \u0111\u1ebfn: info@luxteryhotel.com<\/p><p>G\u1ecdi t\u1ed5ng \u0111\u00e0i: 0236.387.28.28<\/p><p>Ho\u1eb7c \u0111\u1ebfn tr\u1ef1c ti\u1ebfp t\u1ea1i qu\u1ea7y l\u1ec5 t\u00e2n kh\u00e1ch s\u1ea1n<\/p><p>Kh\u00e1ch s\u1ea1n s\u1ebd x\u00e1c minh th\u00f4ng tin v\u00e0 ph\u1ea3n h\u1ed3i trong t\u1ed1i \u0111a 03 ng\u00e0y l\u00e0m vi\u1ec7c.<\/p><p>6. C\u01a1 ch\u1ebf ti\u1ebfp nh\u1eadn v\u00e0 gi\u1ea3i quy\u1ebft khi\u1ebfu n\u1ea1i<br \/>M\u1ecdi khi\u1ebfu n\u1ea1i li\u00ean quan \u0111\u1ebfn th\u00f4ng tin c\u00e1 nh\u00e2n s\u1ebd \u0111\u01b0\u1ee3c ti\u1ebfp nh\u1eadn v\u00e0 x\u1eed l\u00fd trong v\u00f2ng 03 ng\u00e0y l\u00e0m vi\u1ec7c k\u1ec3 t\u1eeb ng\u00e0y nh\u1eadn \u0111\u01b0\u1ee3c y\u00eau c\u1ea7u ch\u00ednh th\u1ee9c. Tr\u01b0\u1eddng h\u1ee3p c\u1ea7n th\u00eam th\u1eddi gian, ch\u00fang t\u00f4i s\u1ebd th\u00f4ng b\u00e1o c\u1ee5 th\u1ec3 l\u00fd do v\u00e0 th\u1eddi h\u1ea1n tr\u1ea3 l\u1eddi d\u1ef1 ki\u1ebfn.<\/p><p>7. Hi\u1ec3n th\u1ecb v\u00e0 c\u1eadp nh\u1eadt ch\u00ednh s\u00e1ch<br \/>Ch\u00ednh s\u00e1ch \u0111\u01b0\u1ee3c c\u00f4ng b\u1ed1 c\u00f4ng khai t\u1ea1i:<br \/>\ud83c\udf10 https:\/\/luxteryhotel.com<\/p><p>Kh\u00e1ch s\u1ea1n c\u00f3 quy\u1ec1n s\u1eeda \u0111\u1ed5i ch\u00ednh s\u00e1ch \u0111\u1ec3 ph\u00f9 h\u1ee3p v\u1edbi quy \u0111\u1ecbnh ph\u00e1p lu\u1eadt v\u00e0 s\u1ebd th\u00f4ng b\u00e1o c\u00f4ng khai tr\u00ean website.<\/p>\t\t\t\t\t\t<\/div>\n\t\t\t\t<\/div>\n\t\t\t\t\t<\/div>\n\t\t\t\t<\/div>\n\t\t\t\t<\/div>\n\t\t","protected":false},"excerpt":{"rendered":"<p>CH\u00cdNH S\u00c1CH B\u1ea2O M\u1eacT TH\u00d4NG TIN CH\u00cdNH S\u00c1CH B\u1ea2O V\u1ec6 TH\u00d4NG TIN C\u00c1 NH\u00c2N KH\u00c1CH H\u00c0NG T\u1ea0I KH\u00c1CH S\u1ea0N LUXTERY HOTELKh\u00e1ch s\u1ea1n Luxtery cam k\u1ebft t\u00f4n tr\u1ecdng v\u00e0 b\u1ea3o v\u1ec7 quy\u1ec1n ri\u00eang t\u01b0 c\u1ee7a kh\u00e1ch h\u00e0ng. Ch\u00ednh s\u00e1ch n\u00e0y quy \u0111\u1ecbnh r\u00f5 c\u00e1ch th\u1ee9c thu th\u1eadp, s\u1eed d\u1ee5ng, l\u01b0u tr\u1eef v\u00e0 b\u1ea3o v\u1ec7 d\u1eef li\u1ec7u &#8230;<\/p>\n","protected":false},"author":3,"featured_media":0,"parent":0,"menu_order":0,"comment_status":"closed","ping_status":"closed","template":"","meta":{"cozystay_single_page_hide_site_header":"","cozystay_single_page_site_header_source":"","cozystay_single_page_custom_site_header":"0","cozystay_single_page_custom_sticky_site_header":"0","cozystay_single_page_hide_page_title":"","cozystay_single_page_header_section_size":"","cozystay_single_page_header_background_color":"","cozystay_single_page_header_background_position_x":"center","cozystay_single_page_header_background_position_y":"center","cozystay_single_page_header_background_size":"cover","cozystay_single_page_header_background_repeat":"off","cozystay_single_page_header_background_scroll":"on","cozystay_single_page_header_text_color":"","cozystay_single_page_header_show_breadcrumb":"","cozystay_single_page_site_footer_hide_main":"","cozystay_single_custom_site_footer_main_source":"","cozystay_single_custom_site_footer_main":"0","cozystay_single_page_site_footer_hide_above":"","cozystay_single_custom_site_footer_above_source":"","cozystay_single_custom_site_footer_above":"0","cozystay_single_page_site_footer_hide_instagram":"","cozystay_single_page_site_footer_hide_bottom":"","cozystay_single_custom_mobile_menu_source":"","cozystay_single_custom_mobile_menu":"0","cozystay_single_custom_mobile_menu_animation":"","cozystay_single_custom_mobile_menu_width":"","cozystay_single_custom_mobile_menu_custom_width":375,"footnotes":""},"class_list":["post-4392","page","type-page","status-publish","hentry"],"yoast_head":"<!-- This site is optimized with the Yoast SEO plugin v22.6 - https:\/\/yoast.com\/wordpress\/plugins\/seo\/ -->\n<title>CH\u00cdNH S\u00c1CH B\u1ea2O M\u1eacT TH\u00d4NG TIN - Luxtery Hotel<\/title>\n<meta name=\"robots\" content=\"noindex, follow, max-snippet:-1, max-image-preview:large, max-video-preview:-1\" \/>\n<meta property=\"og:locale\" content=\"vi_VN\" \/>\n<meta property=\"og:type\" content=\"article\" \/>\n<meta property=\"og:title\" content=\"CH\u00cdNH S\u00c1CH B\u1ea2O M\u1eacT TH\u00d4NG TIN - Luxtery Hotel\" \/>\n<meta property=\"og:description\" content=\"CH\u00cdNH S\u00c1CH B\u1ea2O M\u1eacT TH\u00d4NG TIN CH\u00cdNH S\u00c1CH B\u1ea2O V\u1ec6 TH\u00d4NG TIN C\u00c1 NH\u00c2N KH\u00c1CH H\u00c0NG T\u1ea0I KH\u00c1CH S\u1ea0N LUXTERY HOTELKh\u00e1ch s\u1ea1n Luxtery cam k\u1ebft t\u00f4n tr\u1ecdng v\u00e0 b\u1ea3o v\u1ec7 quy\u1ec1n ri\u00eang t\u01b0 c\u1ee7a kh\u00e1ch h\u00e0ng. Ch\u00ednh s\u00e1ch n\u00e0y quy \u0111\u1ecbnh r\u00f5 c\u00e1ch th\u1ee9c thu th\u1eadp, s\u1eed d\u1ee5ng, l\u01b0u tr\u1eef v\u00e0 b\u1ea3o v\u1ec7 d\u1eef li\u1ec7u ...\" \/>\n<meta property=\"og:url\" content=\"https:\/\/luxteryhotel.com\/vi\/chinh-sach-bao-mat-thong-tin\/\" \/>\n<meta property=\"og:site_name\" content=\"Luxtery Hotel\" \/>\n<meta property=\"article:modified_time\" content=\"2025-07-02T02:30:15+00:00\" \/>\n<meta name=\"twitter:card\" content=\"summary_large_image\" \/>\n<meta name=\"twitter:label1\" content=\"Est. reading time\" \/>\n\t<meta name=\"twitter:data1\" content=\"4 minutes\" \/>\n<script type=\"application\/ld+json\" class=\"yoast-schema-graph\">{\"@context\":\"https:\/\/schema.org\",\"@graph\":[{\"@type\":\"WebPage\",\"@id\":\"https:\/\/luxteryhotel.com\/vi\/chinh-sach-bao-mat-thong-tin\/\",\"url\":\"https:\/\/luxteryhotel.com\/vi\/chinh-sach-bao-mat-thong-tin\/\",\"name\":\"CH\u00cdNH S\u00c1CH B\u1ea2O M\u1eacT TH\u00d4NG TIN - Luxtery Hotel\",\"isPartOf\":{\"@id\":\"https:\/\/luxteryhotel.com\/#website\"},\"datePublished\":\"2025-06-23T07:51:23+00:00\",\"dateModified\":\"2025-07-02T02:30:15+00:00\",\"breadcrumb\":{\"@id\":\"https:\/\/luxteryhotel.com\/vi\/chinh-sach-bao-mat-thong-tin\/#breadcrumb\"},\"inLanguage\":\"vi-VN\",\"potentialAction\":[{\"@type\":\"ReadAction\",\"target\":[\"https:\/\/luxteryhotel.com\/vi\/chinh-sach-bao-mat-thong-tin\/\"]}]},{\"@type\":\"BreadcrumbList\",\"@id\":\"https:\/\/luxteryhotel.com\/vi\/chinh-sach-bao-mat-thong-tin\/#breadcrumb\",\"itemListElement\":[{\"@type\":\"ListItem\",\"position\":1,\"name\":\"Home\",\"item\":\"https:\/\/luxteryhotel.com\/\"},{\"@type\":\"ListItem\",\"position\":2,\"name\":\"CH\u00cdNH S\u00c1CH B\u1ea2O M\u1eacT TH\u00d4NG TIN\"}]},{\"@type\":\"WebSite\",\"@id\":\"https:\/\/luxteryhotel.com\/#website\",\"url\":\"https:\/\/luxteryhotel.com\/\",\"name\":\"My Blog\",\"description\":\"Health, wealth and happiness\",\"publisher\":{\"@id\":\"https:\/\/luxteryhotel.com\/#organization\"},\"potentialAction\":[{\"@type\":\"SearchAction\",\"target\":{\"@type\":\"EntryPoint\",\"urlTemplate\":\"https:\/\/luxteryhotel.com\/?s={search_term_string}\"},\"query-input\":\"required name=search_term_string\"}],\"inLanguage\":\"vi-VN\"},{\"@type\":\"Organization\",\"@id\":\"https:\/\/luxteryhotel.com\/#organization\",\"name\":\"My Blog\",\"url\":\"https:\/\/luxteryhotel.com\/\",\"logo\":{\"@type\":\"ImageObject\",\"inLanguage\":\"vi-VN\",\"@id\":\"https:\/\/luxteryhotel.com\/#\/schema\/logo\/image\/\",\"url\":\"https:\/\/luxteryhotel.com\/wp-content\/uploads\/2024\/05\/luxtery-logo.png\",\"contentUrl\":\"https:\/\/luxteryhotel.com\/wp-content\/uploads\/2024\/05\/luxtery-logo.png\",\"width\":1080,\"height\":671,\"caption\":\"My Blog\"},\"image\":{\"@id\":\"https:\/\/luxteryhotel.com\/#\/schema\/logo\/image\/\"}}]}<\/script>\n<!-- \/ Yoast SEO plugin. -->","yoast_head_json":{"title":"CH\u00cdNH S\u00c1CH B\u1ea2O M\u1eacT TH\u00d4NG TIN - Luxtery Hotel","robots":{"index":"noindex","follow":"follow","max-snippet":"max-snippet:-1","max-image-preview":"max-image-preview:large","max-video-preview":"max-video-preview:-1"},"og_locale":"vi_VN","og_type":"article","og_title":"CH\u00cdNH S\u00c1CH B\u1ea2O M\u1eacT TH\u00d4NG TIN - Luxtery Hotel","og_description":"CH\u00cdNH S\u00c1CH B\u1ea2O M\u1eacT TH\u00d4NG TIN CH\u00cdNH S\u00c1CH B\u1ea2O V\u1ec6 TH\u00d4NG TIN C\u00c1 NH\u00c2N KH\u00c1CH H\u00c0NG T\u1ea0I KH\u00c1CH S\u1ea0N LUXTERY HOTELKh\u00e1ch s\u1ea1n Luxtery cam k\u1ebft t\u00f4n tr\u1ecdng v\u00e0 b\u1ea3o v\u1ec7 quy\u1ec1n ri\u00eang t\u01b0 c\u1ee7a kh\u00e1ch h\u00e0ng. Ch\u00ednh s\u00e1ch n\u00e0y quy \u0111\u1ecbnh r\u00f5 c\u00e1ch th\u1ee9c thu th\u1eadp, s\u1eed d\u1ee5ng, l\u01b0u tr\u1eef v\u00e0 b\u1ea3o v\u1ec7 d\u1eef li\u1ec7u ...","og_url":"https:\/\/luxteryhotel.com\/vi\/chinh-sach-bao-mat-thong-tin\/","og_site_name":"Luxtery Hotel","article_modified_time":"2025-07-02T02:30:15+00:00","twitter_card":"summary_large_image","twitter_misc":{"Est. reading time":"4 minutes"},"schema":{"@context":"https:\/\/schema.org","@graph":[{"@type":"WebPage","@id":"https:\/\/luxteryhotel.com\/vi\/chinh-sach-bao-mat-thong-tin\/","url":"https:\/\/luxteryhotel.com\/vi\/chinh-sach-bao-mat-thong-tin\/","name":"CH\u00cdNH S\u00c1CH B\u1ea2O M\u1eacT TH\u00d4NG TIN - Luxtery Hotel","isPartOf":{"@id":"https:\/\/luxteryhotel.com\/#website"},"datePublished":"2025-06-23T07:51:23+00:00","dateModified":"2025-07-02T02:30:15+00:00","breadcrumb":{"@id":"https:\/\/luxteryhotel.com\/vi\/chinh-sach-bao-mat-thong-tin\/#breadcrumb"},"inLanguage":"vi-VN","potentialAction":[{"@type":"ReadAction","target":["https:\/\/luxteryhotel.com\/vi\/chinh-sach-bao-mat-thong-tin\/"]}]},{"@type":"BreadcrumbList","@id":"https:\/\/luxteryhotel.com\/vi\/chinh-sach-bao-mat-thong-tin\/#breadcrumb","itemListElement":[{"@type":"ListItem","position":1,"name":"Home","item":"https:\/\/luxteryhotel.com\/"},{"@type":"ListItem","position":2,"name":"CH\u00cdNH S\u00c1CH B\u1ea2O M\u1eacT TH\u00d4NG TIN"}]},{"@type":"WebSite","@id":"https:\/\/luxteryhotel.com\/#website","url":"https:\/\/luxteryhotel.com\/","name":"My Blog","description":"Health, wealth and happiness","publisher":{"@id":"https:\/\/luxteryhotel.com\/#organization"},"potentialAction":[{"@type":"SearchAction","target":{"@type":"EntryPoint","urlTemplate":"https:\/\/luxteryhotel.com\/?s={search_term_string}"},"query-input":"required name=search_term_string"}],"inLanguage":"vi-VN"},{"@type":"Organization","@id":"https:\/\/luxteryhotel.com\/#organization","name":"My Blog","url":"https:\/\/luxteryhotel.com\/","logo":{"@type":"ImageObject","inLanguage":"vi-VN","@id":"https:\/\/luxteryhotel.com\/#\/schema\/logo\/image\/","url":"https:\/\/luxteryhotel.com\/wp-content\/uploads\/2024\/05\/luxtery-logo.png","contentUrl":"https:\/\/luxteryhotel.com\/wp-content\/uploads\/2024\/05\/luxtery-logo.png","width":1080,"height":671,"caption":"My Blog"},"image":{"@id":"https:\/\/luxteryhotel.com\/#\/schema\/logo\/image\/"}}]}},"_links":{"self":[{"href":"https:\/\/luxteryhotel.com\/vi\/wp-json\/wp\/v2\/pages\/4392","targetHints":{"allow":["GET"]}}],"collection":[{"href":"https:\/\/luxteryhotel.com\/vi\/wp-json\/wp\/v2\/pages"}],"about":[{"href":"https:\/\/luxteryhotel.com\/vi\/wp-json\/wp\/v2\/types\/page"}],"author":[{"embeddable":true,"href":"https:\/\/luxteryhotel.com\/vi\/wp-json\/wp\/v2\/users\/3"}],"replies":[{"embeddable":true,"href":"https:\/\/luxteryhotel.com\/vi\/wp-json\/wp\/v2\/comments?post=4392"}],"version-history":[{"count":7,"href":"https:\/\/luxteryhotel.com\/vi\/wp-json\/wp\/v2\/pages\/4392\/revisions"}],"predecessor-version":[{"id":4583,"href":"https:\/\/luxteryhotel.com\/vi\/wp-json\/wp\/v2\/pages\/4392\/revisions\/4583"}],"wp:attachment":[{"href":"https:\/\/luxteryhotel.com\/vi\/wp-json\/wp\/v2\/media?parent=4392"}],"curies":[{"name":"wp","href":"https:\/\/api.w.org\/{rel}","templated":true}]}}