{"id":4397,"date":"2025-06-23T07:56:10","date_gmt":"2025-06-23T07:56:10","guid":{"rendered":"https:\/\/luxteryhotel.com\/?page_id=4397"},"modified":"2025-06-23T07:57:25","modified_gmt":"2025-06-23T07:57:25","slug":"thanh-toan-truc-tuyen","status":"publish","type":"page","link":"https:\/\/luxteryhotel.com\/vi\/thanh-toan-truc-tuyen\/","title":{"rendered":"THANH TO\u00c1N TR\u1ef0C TUY\u1ebeN"},"content":{"rendered":"\t\t<div data-elementor-type=\"wp-page\" data-elementor-id=\"4397\" class=\"elementor elementor-4397\" data-elementor-post-type=\"page\">\n\t\t\t\t<div class=\"elementor-element elementor-element-8e89255 e-flex e-con-boxed e-con e-parent\" data-id=\"8e89255\" data-element_type=\"container\">\n\t\t\t\t\t<div class=\"e-con-inner\">\n\t\t\t\t<div class=\"elementor-element elementor-element-2d40c1f elementor-widget elementor-widget-heading\" data-id=\"2d40c1f\" data-element_type=\"widget\" data-widget_type=\"heading.default\">\n\t\t\t\t<div class=\"elementor-widget-container\">\n\t\t\t<style>\/*! elementor - v3.21.0 - 30-04-2024 *\/\n.elementor-heading-title{padding:0;margin:0;line-height:1}.elementor-widget-heading .elementor-heading-title[class*=elementor-size-]>a{color:inherit;font-size:inherit;line-height:inherit}.elementor-widget-heading .elementor-heading-title.elementor-size-small{font-size:15px}.elementor-widget-heading .elementor-heading-title.elementor-size-medium{font-size:19px}.elementor-widget-heading .elementor-heading-title.elementor-size-large{font-size:29px}.elementor-widget-heading .elementor-heading-title.elementor-size-xl{font-size:39px}.elementor-widget-heading .elementor-heading-title.elementor-size-xxl{font-size:59px}<\/style><h2 class=\"elementor-heading-title elementor-size-default\">Thanh to\u00e1n tr\u1ef1c tuy\u1ebfn<\/h2>\t\t<\/div>\n\t\t\t\t<\/div>\n\t\t\t\t<div class=\"elementor-element elementor-element-7a5a62e elementor-widget elementor-widget-text-editor\" data-id=\"7a5a62e\" data-element_type=\"widget\" data-widget_type=\"text-editor.default\">\n\t\t\t\t<div class=\"elementor-widget-container\">\n\t\t\t<style>\/*! elementor - v3.21.0 - 30-04-2024 *\/\n.elementor-widget-text-editor.elementor-drop-cap-view-stacked .elementor-drop-cap{background-color:#69727d;color:#fff}.elementor-widget-text-editor.elementor-drop-cap-view-framed .elementor-drop-cap{color:#69727d;border:3px solid;background-color:transparent}.elementor-widget-text-editor:not(.elementor-drop-cap-view-default) .elementor-drop-cap{margin-top:8px}.elementor-widget-text-editor:not(.elementor-drop-cap-view-default) .elementor-drop-cap-letter{width:1em;height:1em}.elementor-widget-text-editor .elementor-drop-cap{float:left;text-align:center;line-height:1;font-size:50px}.elementor-widget-text-editor .elementor-drop-cap-letter{display:inline-block}<\/style>\t\t\t\t<p>1. H\u00ecnh th\u1ee9c thanh to\u00e1n tr\u1ef1c tuy\u1ebfn<br \/>Kh\u00e1ch h\u00e0ng c\u00f3 th\u1ec3 thanh to\u00e1n ph\u00ed \u0111\u1eb7t ph\u00f2ng tr\u1ef1c ti\u1ebfp tr\u00ean website www.luxteryhotel.com b\u1eb1ng ph\u01b0\u01a1ng th\u1ee9c thanh to\u00e1n tr\u1ef1c tuy\u1ebfn an to\u00e0n.<\/p><p>Quy tr\u00ecnh thanh to\u00e1n:<\/p><p>Qu\u00fd kh\u00e1ch ch\u1ecdn lo\u1ea1i ph\u00f2ng v\u00e0 th\u1eddi gian l\u01b0u tr\u00fa trong h\u1ec7 th\u1ed1ng booking.<\/p><p>Sau khi nh\u1ea5n n\u00fat \u201cX\u00e1c nh\u1eadn \u0111\u1eb7t ph\u00f2ng\u201d, h\u1ec7 th\u1ed1ng s\u1ebd chuy\u1ec3n sang giao di\u1ec7n thanh to\u00e1n t\u00edch h\u1ee3p.<\/p><p>Qu\u00fd kh\u00e1ch c\u00f3 th\u1ec3 thanh to\u00e1n qua:<\/p><p>Th\u1ebb t\u00edn d\u1ee5ng\/ghi n\u1ee3 qu\u1ed1c t\u1ebf: MasterCard, Visa<\/p><p>Th\u1ebb ATM n\u1ed9i \u0111\u1ecba c\u00f3 \u0111\u0103ng k\u00fd Internet Banking<\/p><p>Ho\u1eb7c c\u00e1c ph\u01b0\u01a1ng th\u1ee9c thanh to\u00e1n h\u1ee3p l\u1ec7 kh\u00e1c theo th\u1eddi \u0111i\u1ec3m.<\/p><p>2. Cam k\u1ebft b\u1ea3o m\u1eadt thanh to\u00e1n<br \/>H\u1ec7 th\u1ed1ng thanh to\u00e1n tr\u1ef1c tuy\u1ebfn c\u1ee7a Luxtery Hotel \u0111\u01b0\u1ee3c t\u00edch h\u1ee3p th\u00f4ng qua c\u00e1c \u0111\u1ed1i t\u00e1c c\u1ed5ng thanh to\u00e1n \u0111\u01b0\u1ee3c c\u1ea5p ph\u00e9p t\u1ea1i Vi\u1ec7t Nam. T\u1ea5t c\u1ea3 giao d\u1ecbch \u0111\u1ec1u \u0111\u1ea3m b\u1ea3o tu\u00e2n th\u1ee7:<\/p><p>Chu\u1ea9n m\u00e3 h\u00f3a SSL (Secure Sockets Layer) trong to\u00e0n b\u1ed9 qu\u00e1 tr\u00ecnh thanh to\u00e1n<\/p><p>Ti\u00eau chu\u1ea9n PCI DSS do t\u1ed5 ch\u1ee9c Trustwave ch\u1ee9ng nh\u1eadn<\/p><p>X\u00e1c th\u1ef1c OTP (One-Time Password) qua SMS \u0111\u1ec3 \u0111\u1ea3m b\u1ea3o quy\u1ec1n s\u1edf h\u1eefu th\u1ebb<\/p><p>Chu\u1ea9n m\u00e3 h\u00f3a MD5 128-bit \u0111\u1ea3m b\u1ea3o d\u1eef li\u1ec7u kh\u00f4ng th\u1ec3 b\u1ecb can thi\u1ec7p<\/p><p>Tu\u00e2n th\u1ee7 quy \u0111\u1ecbnh b\u1ea3o m\u1eadt t\u00e0i ch\u00ednh c\u1ee7a Ng\u00e2n h\u00e0ng Nh\u00e0 n\u01b0\u1edbc Vi\u1ec7t Nam<\/p><p>3. Ch\u00ednh s\u00e1ch l\u01b0u tr\u1eef v\u00e0 b\u1ea3o m\u1eadt d\u1eef li\u1ec7u thanh to\u00e1n<br \/>Luxtery Hotel kh\u00f4ng l\u01b0u tr\u1eef tr\u1ef1c ti\u1ebfp b\u1ea5t k\u1ef3 th\u00f4ng tin th\u1ebb thanh to\u00e1n n\u00e0o c\u1ee7a kh\u00e1ch h\u00e0ng.<\/p><p>V\u1edbi th\u1ebb Visa\/MasterCard: Th\u00f4ng tin \u0111\u01b0\u1ee3c m\u00e3 h\u00f3a v\u00e0 l\u01b0u tr\u1eef b\u1edfi \u0111\u1ed1i t\u00e1c thanh to\u00e1n, kh\u00e1ch s\u1ea1n ch\u1ec9 nh\u1eadn m\u00e3 h\u00f3a (token) ph\u1ee5c v\u1ee5 x\u00e1c nh\u1eadn.<\/p><p>V\u1edbi th\u1ebb ATM n\u1ed9i \u0111\u1ecba: H\u1ec7 th\u1ed1ng ch\u1ec9 l\u01b0u m\u00e3 \u0111\u01a1n h\u00e0ng, m\u00e3 giao d\u1ecbch v\u00e0 t\u00ean ng\u00e2n h\u00e0ng, kh\u00f4ng l\u01b0u s\u1ed1 th\u1ebb, m\u00e3 CVV ho\u1eb7c th\u00f4ng tin nh\u1ea1y c\u1ea3m.<\/p><p>M\u1ecdi giao d\u1ecbch \u0111\u1ec1u \u0111\u01b0\u1ee3c x\u1eed l\u00fd an to\u00e0n b\u1edfi c\u1ed5ng thanh to\u00e1n \u0111\u1ea1t chu\u1ea9n b\u1ea3o m\u1eadt qu\u1ed1c t\u1ebf.<\/p><p>4. C\u01a1 ch\u1ebf r\u00e0 so\u00e1t v\u00e0 x\u00e1c nh\u1eadn giao d\u1ecbch<br \/>Tr\u01b0\u1edbc khi ho\u00e0n t\u1ea5t thanh to\u00e1n, h\u1ec7 th\u1ed1ng s\u1ebd hi\u1ec3n th\u1ecb to\u00e0n b\u1ed9 th\u00f4ng tin:<\/p><p>T\u00ean lo\u1ea1i ph\u00f2ng<\/p><p>S\u1ed1 l\u01b0\u1ee3ng ph\u00f2ng<\/p><p>Ng\u00e0y nh\u1eadn \u2013 tr\u1ea3 ph\u00f2ng<\/p><p>T\u1ed5ng chi ph\u00ed c\u1ea7n thanh to\u00e1n<\/p><p>Qu\u00fd kh\u00e1ch c\u00f3 th\u1ec3 ki\u1ec3m tra v\u00e0 ch\u1ec9nh s\u1eeda l\u1ea1i th\u00f4ng tin n\u1ebfu c\u1ea7n tr\u01b0\u1edbc khi nh\u1ea5n \u201cX\u00e1c nh\u1eadn\u201d \u0111\u1ec3 ti\u1ebfn h\u00e0nh thanh to\u00e1n.<\/p><p>5. Cam k\u1ebft c\u1ee7a Luxtery Hotel<br \/>Luxtery Hotel cam k\u1ebft:<\/p><p>B\u1ea3o m\u1eadt tuy\u1ec7t \u0111\u1ed1i th\u00f4ng tin t\u00e0i ch\u00ednh &amp; c\u00e1 nh\u00e2n trong su\u1ed1t qu\u00e1 tr\u00ecnh giao d\u1ecbch<\/p><p>Kh\u00f4ng ti\u1ebft l\u1ed9, chia s\u1ebb hay s\u1eed d\u1ee5ng d\u1eef li\u1ec7u sai m\u1ee5c \u0111\u00edch<\/p><p>To\u00e0n b\u1ed9 giao d\u1ecbch t\u1ea1i website www.luxteryhotel.com \u0111\u1ec1u \u0111\u01b0\u1ee3c ki\u1ec3m so\u00e1t, m\u00e3 h\u00f3a v\u00e0 x\u00e1c minh, mang l\u1ea1i s\u1ef1 an t\u00e2m tuy\u1ec7t \u0111\u1ed1i cho kh\u00e1ch h\u00e0ng<\/p>\t\t\t\t\t\t<\/div>\n\t\t\t\t<\/div>\n\t\t\t\t\t<\/div>\n\t\t\t\t<\/div>\n\t\t\t\t<\/div>\n\t\t","protected":false},"excerpt":{"rendered":"<p>Thanh to\u00e1n tr\u1ef1c tuy\u1ebfn 1. H\u00ecnh th\u1ee9c thanh to\u00e1n tr\u1ef1c tuy\u1ebfnKh\u00e1ch h\u00e0ng c\u00f3 th\u1ec3 thanh to\u00e1n ph\u00ed \u0111\u1eb7t ph\u00f2ng tr\u1ef1c ti\u1ebfp tr\u00ean website www.luxteryhotel.com b\u1eb1ng ph\u01b0\u01a1ng th\u1ee9c thanh to\u00e1n tr\u1ef1c tuy\u1ebfn an to\u00e0n. Quy tr\u00ecnh thanh to\u00e1n: Qu\u00fd kh\u00e1ch ch\u1ecdn lo\u1ea1i ph\u00f2ng v\u00e0 th\u1eddi gian l\u01b0u tr\u00fa trong h\u1ec7 th\u1ed1ng booking. Sau khi nh\u1ea5n n\u00fat &#8230;<\/p>\n","protected":false},"author":3,"featured_media":0,"parent":0,"menu_order":0,"comment_status":"closed","ping_status":"closed","template":"","meta":{"cozystay_single_page_hide_site_header":"","cozystay_single_page_site_header_source":"","cozystay_single_page_custom_site_header":"0","cozystay_single_page_custom_sticky_site_header":"0","cozystay_single_page_hide_page_title":"","cozystay_single_page_header_section_size":"","cozystay_single_page_header_background_color":"","cozystay_single_page_header_background_position_x":"center","cozystay_single_page_header_background_position_y":"center","cozystay_single_page_header_background_size":"cover","cozystay_single_page_header_background_repeat":"off","cozystay_single_page_header_background_scroll":"on","cozystay_single_page_header_text_color":"","cozystay_single_page_header_show_breadcrumb":"","cozystay_single_page_site_footer_hide_main":"","cozystay_single_custom_site_footer_main_source":"","cozystay_single_custom_site_footer_main":"0","cozystay_single_page_site_footer_hide_above":"","cozystay_single_custom_site_footer_above_source":"","cozystay_single_custom_site_footer_above":"0","cozystay_single_page_site_footer_hide_instagram":"","cozystay_single_page_site_footer_hide_bottom":"","cozystay_single_custom_mobile_menu_source":"","cozystay_single_custom_mobile_menu":"0","cozystay_single_custom_mobile_menu_animation":"","cozystay_single_custom_mobile_menu_width":"","cozystay_single_custom_mobile_menu_custom_width":375,"footnotes":""},"class_list":["post-4397","page","type-page","status-publish","hentry"],"yoast_head":"<!-- This site is optimized with the Yoast SEO plugin v22.6 - https:\/\/yoast.com\/wordpress\/plugins\/seo\/ -->\n<title>THANH TO\u00c1N TR\u1ef0C TUY\u1ebeN - Luxtery Hotel<\/title>\n<meta name=\"robots\" content=\"noindex, follow, max-snippet:-1, max-image-preview:large, max-video-preview:-1\" \/>\n<meta property=\"og:locale\" content=\"vi_VN\" \/>\n<meta property=\"og:type\" content=\"article\" \/>\n<meta property=\"og:title\" content=\"THANH TO\u00c1N TR\u1ef0C TUY\u1ebeN - Luxtery Hotel\" \/>\n<meta property=\"og:description\" content=\"Thanh to\u00e1n tr\u1ef1c tuy\u1ebfn 1. H\u00ecnh th\u1ee9c thanh to\u00e1n tr\u1ef1c tuy\u1ebfnKh\u00e1ch h\u00e0ng c\u00f3 th\u1ec3 thanh to\u00e1n ph\u00ed \u0111\u1eb7t ph\u00f2ng tr\u1ef1c ti\u1ebfp tr\u00ean website www.luxteryhotel.com b\u1eb1ng ph\u01b0\u01a1ng th\u1ee9c thanh to\u00e1n tr\u1ef1c tuy\u1ebfn an to\u00e0n. Quy tr\u00ecnh thanh to\u00e1n: Qu\u00fd kh\u00e1ch ch\u1ecdn lo\u1ea1i ph\u00f2ng v\u00e0 th\u1eddi gian l\u01b0u tr\u00fa trong h\u1ec7 th\u1ed1ng booking. Sau khi nh\u1ea5n n\u00fat ...\" \/>\n<meta property=\"og:url\" content=\"https:\/\/luxteryhotel.com\/vi\/thanh-toan-truc-tuyen\/\" \/>\n<meta property=\"og:site_name\" content=\"Luxtery Hotel\" \/>\n<meta property=\"article:modified_time\" content=\"2025-06-23T07:57:25+00:00\" \/>\n<meta name=\"twitter:card\" content=\"summary_large_image\" \/>\n<meta name=\"twitter:label1\" content=\"Est. reading time\" \/>\n\t<meta name=\"twitter:data1\" content=\"2 minutes\" \/>\n<script type=\"application\/ld+json\" class=\"yoast-schema-graph\">{\"@context\":\"https:\/\/schema.org\",\"@graph\":[{\"@type\":\"WebPage\",\"@id\":\"https:\/\/luxteryhotel.com\/vi\/thanh-toan-truc-tuyen\/\",\"url\":\"https:\/\/luxteryhotel.com\/vi\/thanh-toan-truc-tuyen\/\",\"name\":\"THANH TO\u00c1N TR\u1ef0C TUY\u1ebeN - Luxtery Hotel\",\"isPartOf\":{\"@id\":\"https:\/\/luxteryhotel.com\/#website\"},\"datePublished\":\"2025-06-23T07:56:10+00:00\",\"dateModified\":\"2025-06-23T07:57:25+00:00\",\"breadcrumb\":{\"@id\":\"https:\/\/luxteryhotel.com\/vi\/thanh-toan-truc-tuyen\/#breadcrumb\"},\"inLanguage\":\"vi-VN\",\"potentialAction\":[{\"@type\":\"ReadAction\",\"target\":[\"https:\/\/luxteryhotel.com\/vi\/thanh-toan-truc-tuyen\/\"]}]},{\"@type\":\"BreadcrumbList\",\"@id\":\"https:\/\/luxteryhotel.com\/vi\/thanh-toan-truc-tuyen\/#breadcrumb\",\"itemListElement\":[{\"@type\":\"ListItem\",\"position\":1,\"name\":\"Home\",\"item\":\"https:\/\/luxteryhotel.com\/\"},{\"@type\":\"ListItem\",\"position\":2,\"name\":\"THANH TO\u00c1N TR\u1ef0C TUY\u1ebeN\"}]},{\"@type\":\"WebSite\",\"@id\":\"https:\/\/luxteryhotel.com\/#website\",\"url\":\"https:\/\/luxteryhotel.com\/\",\"name\":\"My Blog\",\"description\":\"Health, wealth and happiness\",\"publisher\":{\"@id\":\"https:\/\/luxteryhotel.com\/#organization\"},\"potentialAction\":[{\"@type\":\"SearchAction\",\"target\":{\"@type\":\"EntryPoint\",\"urlTemplate\":\"https:\/\/luxteryhotel.com\/?s={search_term_string}\"},\"query-input\":\"required name=search_term_string\"}],\"inLanguage\":\"vi-VN\"},{\"@type\":\"Organization\",\"@id\":\"https:\/\/luxteryhotel.com\/#organization\",\"name\":\"My Blog\",\"url\":\"https:\/\/luxteryhotel.com\/\",\"logo\":{\"@type\":\"ImageObject\",\"inLanguage\":\"vi-VN\",\"@id\":\"https:\/\/luxteryhotel.com\/#\/schema\/logo\/image\/\",\"url\":\"https:\/\/luxteryhotel.com\/wp-content\/uploads\/2024\/05\/luxtery-logo.png\",\"contentUrl\":\"https:\/\/luxteryhotel.com\/wp-content\/uploads\/2024\/05\/luxtery-logo.png\",\"width\":1080,\"height\":671,\"caption\":\"My Blog\"},\"image\":{\"@id\":\"https:\/\/luxteryhotel.com\/#\/schema\/logo\/image\/\"}}]}<\/script>\n<!-- \/ Yoast SEO plugin. -->","yoast_head_json":{"title":"THANH TO\u00c1N TR\u1ef0C TUY\u1ebeN - Luxtery Hotel","robots":{"index":"noindex","follow":"follow","max-snippet":"max-snippet:-1","max-image-preview":"max-image-preview:large","max-video-preview":"max-video-preview:-1"},"og_locale":"vi_VN","og_type":"article","og_title":"THANH TO\u00c1N TR\u1ef0C TUY\u1ebeN - Luxtery Hotel","og_description":"Thanh to\u00e1n tr\u1ef1c tuy\u1ebfn 1. H\u00ecnh th\u1ee9c thanh to\u00e1n tr\u1ef1c tuy\u1ebfnKh\u00e1ch h\u00e0ng c\u00f3 th\u1ec3 thanh to\u00e1n ph\u00ed \u0111\u1eb7t ph\u00f2ng tr\u1ef1c ti\u1ebfp tr\u00ean website www.luxteryhotel.com b\u1eb1ng ph\u01b0\u01a1ng th\u1ee9c thanh to\u00e1n tr\u1ef1c tuy\u1ebfn an to\u00e0n. Quy tr\u00ecnh thanh to\u00e1n: Qu\u00fd kh\u00e1ch ch\u1ecdn lo\u1ea1i ph\u00f2ng v\u00e0 th\u1eddi gian l\u01b0u tr\u00fa trong h\u1ec7 th\u1ed1ng booking. Sau khi nh\u1ea5n n\u00fat ...","og_url":"https:\/\/luxteryhotel.com\/vi\/thanh-toan-truc-tuyen\/","og_site_name":"Luxtery Hotel","article_modified_time":"2025-06-23T07:57:25+00:00","twitter_card":"summary_large_image","twitter_misc":{"Est. reading time":"2 minutes"},"schema":{"@context":"https:\/\/schema.org","@graph":[{"@type":"WebPage","@id":"https:\/\/luxteryhotel.com\/vi\/thanh-toan-truc-tuyen\/","url":"https:\/\/luxteryhotel.com\/vi\/thanh-toan-truc-tuyen\/","name":"THANH TO\u00c1N TR\u1ef0C TUY\u1ebeN - Luxtery Hotel","isPartOf":{"@id":"https:\/\/luxteryhotel.com\/#website"},"datePublished":"2025-06-23T07:56:10+00:00","dateModified":"2025-06-23T07:57:25+00:00","breadcrumb":{"@id":"https:\/\/luxteryhotel.com\/vi\/thanh-toan-truc-tuyen\/#breadcrumb"},"inLanguage":"vi-VN","potentialAction":[{"@type":"ReadAction","target":["https:\/\/luxteryhotel.com\/vi\/thanh-toan-truc-tuyen\/"]}]},{"@type":"BreadcrumbList","@id":"https:\/\/luxteryhotel.com\/vi\/thanh-toan-truc-tuyen\/#breadcrumb","itemListElement":[{"@type":"ListItem","position":1,"name":"Home","item":"https:\/\/luxteryhotel.com\/"},{"@type":"ListItem","position":2,"name":"THANH TO\u00c1N TR\u1ef0C TUY\u1ebeN"}]},{"@type":"WebSite","@id":"https:\/\/luxteryhotel.com\/#website","url":"https:\/\/luxteryhotel.com\/","name":"My Blog","description":"Health, wealth and happiness","publisher":{"@id":"https:\/\/luxteryhotel.com\/#organization"},"potentialAction":[{"@type":"SearchAction","target":{"@type":"EntryPoint","urlTemplate":"https:\/\/luxteryhotel.com\/?s={search_term_string}"},"query-input":"required name=search_term_string"}],"inLanguage":"vi-VN"},{"@type":"Organization","@id":"https:\/\/luxteryhotel.com\/#organization","name":"My Blog","url":"https:\/\/luxteryhotel.com\/","logo":{"@type":"ImageObject","inLanguage":"vi-VN","@id":"https:\/\/luxteryhotel.com\/#\/schema\/logo\/image\/","url":"https:\/\/luxteryhotel.com\/wp-content\/uploads\/2024\/05\/luxtery-logo.png","contentUrl":"https:\/\/luxteryhotel.com\/wp-content\/uploads\/2024\/05\/luxtery-logo.png","width":1080,"height":671,"caption":"My Blog"},"image":{"@id":"https:\/\/luxteryhotel.com\/#\/schema\/logo\/image\/"}}]}},"_links":{"self":[{"href":"https:\/\/luxteryhotel.com\/vi\/wp-json\/wp\/v2\/pages\/4397","targetHints":{"allow":["GET"]}}],"collection":[{"href":"https:\/\/luxteryhotel.com\/vi\/wp-json\/wp\/v2\/pages"}],"about":[{"href":"https:\/\/luxteryhotel.com\/vi\/wp-json\/wp\/v2\/types\/page"}],"author":[{"embeddable":true,"href":"https:\/\/luxteryhotel.com\/vi\/wp-json\/wp\/v2\/users\/3"}],"replies":[{"embeddable":true,"href":"https:\/\/luxteryhotel.com\/vi\/wp-json\/wp\/v2\/comments?post=4397"}],"version-history":[{"count":4,"href":"https:\/\/luxteryhotel.com\/vi\/wp-json\/wp\/v2\/pages\/4397\/revisions"}],"predecessor-version":[{"id":4402,"href":"https:\/\/luxteryhotel.com\/vi\/wp-json\/wp\/v2\/pages\/4397\/revisions\/4402"}],"wp:attachment":[{"href":"https:\/\/luxteryhotel.com\/vi\/wp-json\/wp\/v2\/media?parent=4397"}],"curies":[{"name":"wp","href":"https:\/\/api.w.org\/{rel}","templated":true}]}}