{"id":4407,"date":"2025-06-23T08:02:56","date_gmt":"2025-06-23T08:02:56","guid":{"rendered":"https:\/\/luxteryhotel.com\/?page_id=4407"},"modified":"2025-07-02T02:32:13","modified_gmt":"2025-07-02T02:32:13","slug":"giao-nhan-va-van-chuyen","status":"publish","type":"page","link":"https:\/\/luxteryhotel.com\/vi\/giao-nhan-va-van-chuyen\/","title":{"rendered":"Giao nh\u1eadn v\u00e0 V\u1eadn chuy\u1ec3n"},"content":{"rendered":"\t\t<div data-elementor-type=\"wp-page\" data-elementor-id=\"4407\" class=\"elementor elementor-4407\" data-elementor-post-type=\"page\">\n\t\t\t\t<div class=\"elementor-element elementor-element-3667cb0 e-flex e-con-boxed e-con e-parent\" data-id=\"3667cb0\" data-element_type=\"container\">\n\t\t\t\t\t<div class=\"e-con-inner\">\n\t\t\t\t<div class=\"elementor-element elementor-element-4133845 elementor-widget elementor-widget-heading\" data-id=\"4133845\" data-element_type=\"widget\" data-widget_type=\"heading.default\">\n\t\t\t\t<div class=\"elementor-widget-container\">\n\t\t\t<style>\/*! elementor - v3.21.0 - 30-04-2024 *\/\n.elementor-heading-title{padding:0;margin:0;line-height:1}.elementor-widget-heading .elementor-heading-title[class*=elementor-size-]>a{color:inherit;font-size:inherit;line-height:inherit}.elementor-widget-heading .elementor-heading-title.elementor-size-small{font-size:15px}.elementor-widget-heading .elementor-heading-title.elementor-size-medium{font-size:19px}.elementor-widget-heading .elementor-heading-title.elementor-size-large{font-size:29px}.elementor-widget-heading .elementor-heading-title.elementor-size-xl{font-size:39px}.elementor-widget-heading .elementor-heading-title.elementor-size-xxl{font-size:59px}<\/style><h2 class=\"elementor-heading-title elementor-size-default\">Giao nh\u1eadn v\u00e0 V\u1eadn chuy\u1ec3n<\/h2>\t\t<\/div>\n\t\t\t\t<\/div>\n\t\t\t\t<div class=\"elementor-element elementor-element-58876ea elementor-widget elementor-widget-text-editor\" data-id=\"58876ea\" data-element_type=\"widget\" data-widget_type=\"text-editor.default\">\n\t\t\t\t<div class=\"elementor-widget-container\">\n\t\t\t<style>\/*! elementor - v3.21.0 - 30-04-2024 *\/\n.elementor-widget-text-editor.elementor-drop-cap-view-stacked .elementor-drop-cap{background-color:#69727d;color:#fff}.elementor-widget-text-editor.elementor-drop-cap-view-framed .elementor-drop-cap{color:#69727d;border:3px solid;background-color:transparent}.elementor-widget-text-editor:not(.elementor-drop-cap-view-default) .elementor-drop-cap{margin-top:8px}.elementor-widget-text-editor:not(.elementor-drop-cap-view-default) .elementor-drop-cap-letter{width:1em;height:1em}.elementor-widget-text-editor .elementor-drop-cap{float:left;text-align:center;line-height:1;font-size:50px}.elementor-widget-text-editor .elementor-drop-cap-letter{display:inline-block}<\/style>\t\t\t\t<p>a) C\u00e1c ph\u01b0\u01a1ng th\u1ee9c cung \u1ee9ng d\u1ecbch v\u1ee5<br>Kh\u00e1ch s\u1ea1n Luxtery Hotel cung c\u1ea5p d\u1ecbch v\u1ee5 l\u01b0u tr\u00fa v\u00e0 c\u00e1c d\u1ecbch v\u1ee5 \u0111i k\u00e8m (nh\u01b0 \u0103n u\u1ed1ng, spa, \u0111\u01b0a \u0111\u00f3n s\u00e2n bay\u2026) th\u00f4ng qua c\u00e1c h\u00ecnh th\u1ee9c sau:<\/p>\n<p>1. Cung \u1ee9ng tr\u1ef1c ti\u1ebfp t\u1ea1i kh\u00e1ch s\u1ea1n:<br>Qu\u00fd kh\u00e1ch c\u00f3 th\u1ec3 \u0111\u1ebfn tr\u1ef1c ti\u1ebfp Kh\u00e1ch s\u1ea1n Luxtery Hotel t\u1ea1i 136 Ph\u1ea1m V\u0103n \u0110\u1ed3ng, Ph\u01b0\u1eddng An H\u1ea3i, TP. \u0110\u00e0 N\u1eb5ng \u0111\u1ec3 th\u1ef1c hi\u1ec7n check-in, s\u1eed d\u1ee5ng ph\u00f2ng v\u00e0 c\u00e1c d\u1ecbch v\u1ee5 \u0111\u00e3 \u0111\u1eb7t tr\u01b0\u1edbc ho\u1eb7c \u0111\u0103ng k\u00fd th\u00eam.<\/p>\n<p>2. Cung \u1ee9ng tr\u1ef1c tuy\u1ebfn:<br>Qu\u00fd kh\u00e1ch c\u00f3 th\u1ec3 \u0111\u1eb7t ph\u00f2ng v\u00e0 thanh to\u00e1n qua website ch\u00ednh th\u1ee9c t\u1ea1i \u0111\u1ecba ch\u1ec9:<br>\ud83c\udf10 https:\/\/luxteryhotel.com<\/p>\n<p>Sau khi ho\u00e0n t\u1ea5t \u0111\u1eb7t ph\u00f2ng, x\u00e1c nh\u1eadn s\u1ebd \u0111\u01b0\u1ee3c g\u1eedi qua email. Qu\u00fd kh\u00e1ch ch\u1ec9 c\u1ea7n mang email x\u00e1c nh\u1eadn \u0111\u1ebfn kh\u00e1ch s\u1ea1n v\u00e0 l\u00e0m th\u1ee7 t\u1ee5c nh\u1eadn ph\u00f2ng theo th\u1eddi gian \u0111\u00e3 ch\u1ecdn.<\/p>\n<p>b) Th\u1eddi h\u1ea1n \u01b0\u1edbc t\u00ednh cho vi\u1ec7c cung \u1ee9ng d\u1ecbch v\u1ee5<br>Th\u1eddi gian cung \u1ee9ng d\u1ecbch v\u1ee5 t\u1ea1i Kh\u00e1ch s\u1ea1n Luxtery Hotel ph\u1ee5 thu\u1ed9c v\u00e0o h\u00ecnh th\u1ee9c \u0111\u1eb7t ph\u00f2ng:<\/p>\n<p>V\u1edbi \u0111\u1eb7t ph\u00f2ng tr\u1ef1c ti\u1ebfp t\u1ea1i kh\u00e1ch s\u1ea1n:<br>Qu\u00fd kh\u00e1ch c\u00f3 th\u1ec3 nh\u1eadn ph\u00f2ng ngay sau khi ho\u00e0n t\u1ea5t th\u1ee7 t\u1ee5c check-in t\u1ea1i qu\u1ea7y l\u1ec5 t\u00e2n (gi\u1edd nh\u1eadn ph\u00f2ng t\u1eeb 14:00).<\/p>\n<p>V\u1edbi \u0111\u1eb7t ph\u00f2ng tr\u1ef1c tuy\u1ebfn:<br>Th\u01b0 x\u00e1c nh\u1eadn s\u1ebd \u0111\u01b0\u1ee3c g\u1eedi \u0111\u1ebfn email trong v\u00f2ng 5\u201310 ph\u00fat sau khi ho\u00e0n t\u1ea5t giao d\u1ecbch. Qu\u00fd kh\u00e1ch c\u00f3 th\u1ec3 \u0111\u1ebfn nh\u1eadn ph\u00f2ng \u0111\u00fang khung gi\u1edd \u0111\u00e3 \u0111\u1eb7t (th\u01b0\u1eddng t\u1eeb 14:00 ng\u00e0y nh\u1eadn ph\u00f2ng).<\/p>\n<p>c) Ph\u1ea1m vi \u0111\u1ecba l\u00fd cung \u1ee9ng d\u1ecbch v\u1ee5<br>T\u1ea5t c\u1ea3 c\u00e1c d\u1ecbch v\u1ee5 hi\u1ec7n \u0111\u01b0\u1ee3c cung c\u1ea5p ch\u1ec9 trong khu\u00f4n vi\u00ean c\u1ee7a Kh\u00e1ch s\u1ea1n Luxtery Hotel, t\u1ea1i \u0111\u1ecba ch\u1ec9:<\/p>\n<p>\ud83d\udccd 136 Ph\u1ea1m V\u0103n \u0110\u1ed3ng, Ph\u01b0\u1eddng An H\u1ea3i, TP. \u0110\u00e0 N\u1eb5ng, Vi\u1ec7t Nam<\/p>\n<p>L\u01b0u \u00fd: Kh\u00e1ch s\u1ea1n kh\u00f4ng cung c\u1ea5p d\u1ecbch v\u1ee5 l\u01b0u tr\u00fa ho\u1eb7c ti\u1ec7n \u00edch ngo\u00e0i khu\u00f4n vi\u00ean, ngo\u1ea1i tr\u1eeb c\u00e1c d\u1ecbch v\u1ee5 \u0111\u01b0a \u0111\u00f3n s\u00e2n bay c\u00f3 \u0111\u1eb7t tr\u01b0\u1edbc v\u00e0 \u0111\u01b0\u1ee3c x\u00e1c nh\u1eadn b\u1eb1ng v\u0103n b\u1ea3n\/email t\u1eeb b\u1ed9 ph\u1eadn l\u1ec5 t\u00e2n.<\/p>\t\t\t\t\t\t<\/div>\n\t\t\t\t<\/div>\n\t\t\t\t\t<\/div>\n\t\t\t\t<\/div>\n\t\t\t\t<\/div>\n\t\t","protected":false},"excerpt":{"rendered":"<p>Giao nh\u1eadn v\u00e0 V\u1eadn chuy\u1ec3n a) C\u00e1c ph\u01b0\u01a1ng th\u1ee9c cung \u1ee9ng d\u1ecbch v\u1ee5Kh\u00e1ch s\u1ea1n Luxtery Hotel cung c\u1ea5p d\u1ecbch v\u1ee5 l\u01b0u tr\u00fa v\u00e0 c\u00e1c d\u1ecbch v\u1ee5 \u0111i k\u00e8m (nh\u01b0 \u0103n u\u1ed1ng, spa, \u0111\u01b0a \u0111\u00f3n s\u00e2n bay\u2026) th\u00f4ng qua c\u00e1c h\u00ecnh th\u1ee9c sau: 1. Cung \u1ee9ng tr\u1ef1c ti\u1ebfp t\u1ea1i kh\u00e1ch s\u1ea1n:Qu\u00fd kh\u00e1ch c\u00f3 th\u1ec3 \u0111\u1ebfn tr\u1ef1c &#8230;<\/p>\n","protected":false},"author":3,"featured_media":0,"parent":0,"menu_order":0,"comment_status":"closed","ping_status":"closed","template":"","meta":{"cozystay_single_page_hide_site_header":"","cozystay_single_page_site_header_source":"","cozystay_single_page_custom_site_header":"0","cozystay_single_page_custom_sticky_site_header":"0","cozystay_single_page_hide_page_title":"","cozystay_single_page_header_section_size":"","cozystay_single_page_header_background_color":"","cozystay_single_page_header_background_position_x":"center","cozystay_single_page_header_background_position_y":"center","cozystay_single_page_header_background_size":"cover","cozystay_single_page_header_background_repeat":"off","cozystay_single_page_header_background_scroll":"on","cozystay_single_page_header_text_color":"","cozystay_single_page_header_show_breadcrumb":"","cozystay_single_page_site_footer_hide_main":"","cozystay_single_custom_site_footer_main_source":"","cozystay_single_custom_site_footer_main":"0","cozystay_single_page_site_footer_hide_above":"","cozystay_single_custom_site_footer_above_source":"","cozystay_single_custom_site_footer_above":"0","cozystay_single_page_site_footer_hide_instagram":"","cozystay_single_page_site_footer_hide_bottom":"","cozystay_single_custom_mobile_menu_source":"","cozystay_single_custom_mobile_menu":"0","cozystay_single_custom_mobile_menu_animation":"","cozystay_single_custom_mobile_menu_width":"","cozystay_single_custom_mobile_menu_custom_width":375,"footnotes":""},"class_list":["post-4407","page","type-page","status-publish","hentry"],"yoast_head":"<!-- This site is optimized with the Yoast SEO plugin v22.6 - https:\/\/yoast.com\/wordpress\/plugins\/seo\/ -->\n<title>Giao nh\u1eadn v\u00e0 V\u1eadn chuy\u1ec3n - Luxtery Hotel<\/title>\n<meta name=\"robots\" content=\"noindex, follow, max-snippet:-1, max-image-preview:large, max-video-preview:-1\" \/>\n<meta property=\"og:locale\" content=\"vi_VN\" \/>\n<meta property=\"og:type\" content=\"article\" \/>\n<meta property=\"og:title\" content=\"Giao nh\u1eadn v\u00e0 V\u1eadn chuy\u1ec3n - Luxtery Hotel\" \/>\n<meta property=\"og:description\" content=\"Giao nh\u1eadn v\u00e0 V\u1eadn chuy\u1ec3n a) C\u00e1c ph\u01b0\u01a1ng th\u1ee9c cung \u1ee9ng d\u1ecbch v\u1ee5Kh\u00e1ch s\u1ea1n Luxtery Hotel cung c\u1ea5p d\u1ecbch v\u1ee5 l\u01b0u tr\u00fa v\u00e0 c\u00e1c d\u1ecbch v\u1ee5 \u0111i k\u00e8m (nh\u01b0 \u0103n u\u1ed1ng, spa, \u0111\u01b0a \u0111\u00f3n s\u00e2n bay\u2026) th\u00f4ng qua c\u00e1c h\u00ecnh th\u1ee9c sau: 1. Cung \u1ee9ng tr\u1ef1c ti\u1ebfp t\u1ea1i kh\u00e1ch s\u1ea1n:Qu\u00fd kh\u00e1ch c\u00f3 th\u1ec3 \u0111\u1ebfn tr\u1ef1c ...\" \/>\n<meta property=\"og:url\" content=\"https:\/\/luxteryhotel.com\/vi\/giao-nhan-va-van-chuyen\/\" \/>\n<meta property=\"og:site_name\" content=\"Luxtery Hotel\" \/>\n<meta property=\"article:modified_time\" content=\"2025-07-02T02:32:13+00:00\" \/>\n<meta name=\"twitter:card\" content=\"summary_large_image\" \/>\n<meta name=\"twitter:label1\" content=\"Est. reading time\" \/>\n\t<meta name=\"twitter:data1\" content=\"2 minutes\" \/>\n<script type=\"application\/ld+json\" class=\"yoast-schema-graph\">{\"@context\":\"https:\/\/schema.org\",\"@graph\":[{\"@type\":\"WebPage\",\"@id\":\"https:\/\/luxteryhotel.com\/vi\/giao-nhan-va-van-chuyen\/\",\"url\":\"https:\/\/luxteryhotel.com\/vi\/giao-nhan-va-van-chuyen\/\",\"name\":\"Giao nh\u1eadn v\u00e0 V\u1eadn chuy\u1ec3n - Luxtery Hotel\",\"isPartOf\":{\"@id\":\"https:\/\/luxteryhotel.com\/#website\"},\"datePublished\":\"2025-06-23T08:02:56+00:00\",\"dateModified\":\"2025-07-02T02:32:13+00:00\",\"breadcrumb\":{\"@id\":\"https:\/\/luxteryhotel.com\/vi\/giao-nhan-va-van-chuyen\/#breadcrumb\"},\"inLanguage\":\"vi-VN\",\"potentialAction\":[{\"@type\":\"ReadAction\",\"target\":[\"https:\/\/luxteryhotel.com\/vi\/giao-nhan-va-van-chuyen\/\"]}]},{\"@type\":\"BreadcrumbList\",\"@id\":\"https:\/\/luxteryhotel.com\/vi\/giao-nhan-va-van-chuyen\/#breadcrumb\",\"itemListElement\":[{\"@type\":\"ListItem\",\"position\":1,\"name\":\"Home\",\"item\":\"https:\/\/luxteryhotel.com\/\"},{\"@type\":\"ListItem\",\"position\":2,\"name\":\"Giao nh\u1eadn v\u00e0 V\u1eadn chuy\u1ec3n\"}]},{\"@type\":\"WebSite\",\"@id\":\"https:\/\/luxteryhotel.com\/#website\",\"url\":\"https:\/\/luxteryhotel.com\/\",\"name\":\"My Blog\",\"description\":\"Health, wealth and happiness\",\"publisher\":{\"@id\":\"https:\/\/luxteryhotel.com\/#organization\"},\"potentialAction\":[{\"@type\":\"SearchAction\",\"target\":{\"@type\":\"EntryPoint\",\"urlTemplate\":\"https:\/\/luxteryhotel.com\/?s={search_term_string}\"},\"query-input\":\"required name=search_term_string\"}],\"inLanguage\":\"vi-VN\"},{\"@type\":\"Organization\",\"@id\":\"https:\/\/luxteryhotel.com\/#organization\",\"name\":\"My Blog\",\"url\":\"https:\/\/luxteryhotel.com\/\",\"logo\":{\"@type\":\"ImageObject\",\"inLanguage\":\"vi-VN\",\"@id\":\"https:\/\/luxteryhotel.com\/#\/schema\/logo\/image\/\",\"url\":\"https:\/\/luxteryhotel.com\/wp-content\/uploads\/2024\/05\/luxtery-logo.png\",\"contentUrl\":\"https:\/\/luxteryhotel.com\/wp-content\/uploads\/2024\/05\/luxtery-logo.png\",\"width\":1080,\"height\":671,\"caption\":\"My Blog\"},\"image\":{\"@id\":\"https:\/\/luxteryhotel.com\/#\/schema\/logo\/image\/\"}}]}<\/script>\n<!-- \/ Yoast SEO plugin. -->","yoast_head_json":{"title":"Giao nh\u1eadn v\u00e0 V\u1eadn chuy\u1ec3n - Luxtery Hotel","robots":{"index":"noindex","follow":"follow","max-snippet":"max-snippet:-1","max-image-preview":"max-image-preview:large","max-video-preview":"max-video-preview:-1"},"og_locale":"vi_VN","og_type":"article","og_title":"Giao nh\u1eadn v\u00e0 V\u1eadn chuy\u1ec3n - Luxtery Hotel","og_description":"Giao nh\u1eadn v\u00e0 V\u1eadn chuy\u1ec3n a) C\u00e1c ph\u01b0\u01a1ng th\u1ee9c cung \u1ee9ng d\u1ecbch v\u1ee5Kh\u00e1ch s\u1ea1n Luxtery Hotel cung c\u1ea5p d\u1ecbch v\u1ee5 l\u01b0u tr\u00fa v\u00e0 c\u00e1c d\u1ecbch v\u1ee5 \u0111i k\u00e8m (nh\u01b0 \u0103n u\u1ed1ng, spa, \u0111\u01b0a \u0111\u00f3n s\u00e2n bay\u2026) th\u00f4ng qua c\u00e1c h\u00ecnh th\u1ee9c sau: 1. Cung \u1ee9ng tr\u1ef1c ti\u1ebfp t\u1ea1i kh\u00e1ch s\u1ea1n:Qu\u00fd kh\u00e1ch c\u00f3 th\u1ec3 \u0111\u1ebfn tr\u1ef1c ...","og_url":"https:\/\/luxteryhotel.com\/vi\/giao-nhan-va-van-chuyen\/","og_site_name":"Luxtery Hotel","article_modified_time":"2025-07-02T02:32:13+00:00","twitter_card":"summary_large_image","twitter_misc":{"Est. reading time":"2 minutes"},"schema":{"@context":"https:\/\/schema.org","@graph":[{"@type":"WebPage","@id":"https:\/\/luxteryhotel.com\/vi\/giao-nhan-va-van-chuyen\/","url":"https:\/\/luxteryhotel.com\/vi\/giao-nhan-va-van-chuyen\/","name":"Giao nh\u1eadn v\u00e0 V\u1eadn chuy\u1ec3n - Luxtery Hotel","isPartOf":{"@id":"https:\/\/luxteryhotel.com\/#website"},"datePublished":"2025-06-23T08:02:56+00:00","dateModified":"2025-07-02T02:32:13+00:00","breadcrumb":{"@id":"https:\/\/luxteryhotel.com\/vi\/giao-nhan-va-van-chuyen\/#breadcrumb"},"inLanguage":"vi-VN","potentialAction":[{"@type":"ReadAction","target":["https:\/\/luxteryhotel.com\/vi\/giao-nhan-va-van-chuyen\/"]}]},{"@type":"BreadcrumbList","@id":"https:\/\/luxteryhotel.com\/vi\/giao-nhan-va-van-chuyen\/#breadcrumb","itemListElement":[{"@type":"ListItem","position":1,"name":"Home","item":"https:\/\/luxteryhotel.com\/"},{"@type":"ListItem","position":2,"name":"Giao nh\u1eadn v\u00e0 V\u1eadn chuy\u1ec3n"}]},{"@type":"WebSite","@id":"https:\/\/luxteryhotel.com\/#website","url":"https:\/\/luxteryhotel.com\/","name":"My Blog","description":"Health, wealth and happiness","publisher":{"@id":"https:\/\/luxteryhotel.com\/#organization"},"potentialAction":[{"@type":"SearchAction","target":{"@type":"EntryPoint","urlTemplate":"https:\/\/luxteryhotel.com\/?s={search_term_string}"},"query-input":"required name=search_term_string"}],"inLanguage":"vi-VN"},{"@type":"Organization","@id":"https:\/\/luxteryhotel.com\/#organization","name":"My Blog","url":"https:\/\/luxteryhotel.com\/","logo":{"@type":"ImageObject","inLanguage":"vi-VN","@id":"https:\/\/luxteryhotel.com\/#\/schema\/logo\/image\/","url":"https:\/\/luxteryhotel.com\/wp-content\/uploads\/2024\/05\/luxtery-logo.png","contentUrl":"https:\/\/luxteryhotel.com\/wp-content\/uploads\/2024\/05\/luxtery-logo.png","width":1080,"height":671,"caption":"My Blog"},"image":{"@id":"https:\/\/luxteryhotel.com\/#\/schema\/logo\/image\/"}}]}},"_links":{"self":[{"href":"https:\/\/luxteryhotel.com\/vi\/wp-json\/wp\/v2\/pages\/4407","targetHints":{"allow":["GET"]}}],"collection":[{"href":"https:\/\/luxteryhotel.com\/vi\/wp-json\/wp\/v2\/pages"}],"about":[{"href":"https:\/\/luxteryhotel.com\/vi\/wp-json\/wp\/v2\/types\/page"}],"author":[{"embeddable":true,"href":"https:\/\/luxteryhotel.com\/vi\/wp-json\/wp\/v2\/users\/3"}],"replies":[{"embeddable":true,"href":"https:\/\/luxteryhotel.com\/vi\/wp-json\/wp\/v2\/comments?post=4407"}],"version-history":[{"count":10,"href":"https:\/\/luxteryhotel.com\/vi\/wp-json\/wp\/v2\/pages\/4407\/revisions"}],"predecessor-version":[{"id":4589,"href":"https:\/\/luxteryhotel.com\/vi\/wp-json\/wp\/v2\/pages\/4407\/revisions\/4589"}],"wp:attachment":[{"href":"https:\/\/luxteryhotel.com\/vi\/wp-json\/wp\/v2\/media?parent=4407"}],"curies":[{"name":"wp","href":"https:\/\/api.w.org\/{rel}","templated":true}]}}